{"id":272,"date":"2014-11-19T21:33:37","date_gmt":"2014-11-19T20:33:37","guid":{"rendered":"https:\/\/lanebank.com\/sv\/?page_id=272"},"modified":"2015-10-21T09:42:17","modified_gmt":"2015-10-21T07:42:17","slug":"skuldsattning","status":"publish","type":"page","link":"https:\/\/lanebank.com\/sv\/skuldsattning","title":{"rendered":"Skulds\u00e4ttning"},"content":{"rendered":"<p>Det finns tv\u00e5 slags skulds\u00e4ttning, planerad och oplanerad. N\u00e4r man v\u00e4ljer att ta upp ett l\u00e5n hamnar man i skuld till kreditgivaren och har sedan en best\u00e4md tid p\u00e5 sig att \u00e5terbetala pengarna innan skulden f\u00f6rfaller. \u00c5terbetalningstiden regleras av l\u00e5neavtalet efter \u00f6verenskommelse och kan d\u00e4rf\u00f6r ses som en planerad skuldskulds\u00e4ttning.<\/p>\n<p>Ofrivilliga skulder kan uppst\u00e5 om du inte f\u00f6ljer avtal och g\u00f6r dina avbetalningar i tid. Efter ing\u00e5nget avtal skickas normal en avbetalningsplan ut till dig som kund och d\u00e4refter f\u00e5r du fortl\u00f6pande fakturor fr\u00e5n l\u00e5ngivaren. Det \u00e4r extremt viktigt att betala dessa fakturor innan f\u00f6rfallodatum. \u00c4r du sen med en delbetalning eller inte betala hela det erlagda beloppet i tid, riskerar du straffavgifter och dr\u00f6jsm\u00e5lsr\u00e4nta. Skulle du missa en fakturabetalning kommer du f\u00e5 en eller tv\u00e5 p\u00e5minnelser, sedan g\u00e5r \u00e4rendet vidare till inkasso. Sker ingen betalning alls kan \u00e4rendet g\u00e5 vidare till kronofogden.<\/p>\n<p>S\u00e5 h\u00e4r ser den allm\u00e4nt vedertagna g\u00e5ngen ut f\u00f6r en utebliven betalning:<\/p>\n<h3>Betalningsp\u00e5minnelse<\/h3>\n<p>Om en betalning uteblir skickas normalt en p\u00e5minnelse ut, d\u00e4r du uppmanas att betala utest\u00e5ende skulder enligt \u00f6verenskommelse. I vissa fall kan en extra avgift och r\u00e4nta tillkomma. Skulle du f\u00e5 en s\u00e5dan betalningsp\u00e5minnelse \u00e4r det av st\u00f6rsta vikt att prioritera denna faktura f\u00f6r att undvika den \u00f6verh\u00e4ngande risken f\u00f6r betalningsanm\u00e4rkning.<\/p>\n<p>Viktigt att k\u00e4nna till, \u00e4r att kreditbolagen enligt lag inte \u00e4r tvungna att skicka ut en p\u00e5minnelse vid f\u00f6rfallen betalning innan \u00e4rendet f\u00f6rfaller till inkasso. Dock \u00e4r det en allm\u00e4nt vedertagen praxis att upplysa kunden om detta.<\/p>\n<h3>Inkasso\u00e4rende<\/h3>\n<p>V\u00e4ljer du att inte betala den utest\u00e5ende skulden trots p\u00e5minnelse kommer ett inkassobolag ta \u00f6ver fodringen. Vid inkassokrav tillkommer alltid en avgift som f\u00f6r 2014 \u00e4r satt till 180 kr. I Sverige regleras all inkassoverksamhet av inkassolagen (1974:182), som bland annat f\u00f6reskriver kundens r\u00e4ttigheter vid inkasso\u00e4renden och bolagens skyldigheter.<\/p>\n<h3>Kronofogden<\/h3>\n<p>Skulle ditt inkasso\u00e4rende f\u00f6rfalla kommer Kronofogden att ta \u00f6ver indrivningen. I samband med detta \u00e5l\u00e4ggs du med en betalningsanm\u00e4rkning samt en grundavgift p\u00e5 640 kr. Om du nu betalar skulden direkt sliper du den ytterligare anm\u00e4rkning som annars tillkommer. F\u00f6r varje \u00e5r som kronofogden handl\u00e4gger ditt \u00e4rende utg\u00e5r en kostnad p\u00e5 omkring 600 kr, under denna tid \u00e4r dina l\u00e5nem\u00f6jligheter i stort sett obefintliga och du kommer inte heller kunna teckna nya abonnemang och andra avtal d\u00e4r kreditupplysning g\u00f6rs innan avtal uppr\u00e4ttas.<\/p>\n<div class=\"ls_container\"><h3 class=\"widget_title\">Mer om detta \u00e4mne<\/h3><ul class=\"ls_page_list\"><li><a href=\"https:\/\/lanebank.com\/sv\/skuldsattning\/skuldfri\">5 Tips om hur man blir skuldfri<\/a><\/li><li><a href=\"https:\/\/lanebank.com\/sv\/skuldsattning\/sa-fungerar-skuldsanering\">S\u00e5 fungerar skuldsanering<\/a><\/li><li><a href=\"https:\/\/lanebank.com\/sv\/skuldsattning\/hjalp-det-finns-inga-pengar-kvar-pa-kontot\">Hj\u00e4lp det finns inga pengar kvar p\u00e5 kontot!<\/a><\/li><li><a href=\"https:\/\/lanebank.com\/sv\/skuldsattning\/hushallens-skulder-vaxer-fortsatt\">Hush\u00e5llens skulder v\u00e4xer fortsatt<\/a><\/li><li><a href=\"https:\/\/lanebank.com\/sv\/skuldsattning\/lan-for-att-losa-obetalda-skulder\">L\u00e5n f\u00f6r att l\u00f6sa obetalda skulder<\/a><\/li><li><a href=\"https:\/\/lanebank.com\/sv\/skuldsattning\/lana-trots-inkasso-fa-pengar-med-skulder-hos-kronofogden\">L\u00e5na trots inkasso &#8211; f\u00e5 pengar med skulder hos kronofogden<\/a><\/li><li><a href=\"https:\/\/lanebank.com\/sv\/skuldsattning\/missbruksregistret\">Missbruksregistret<\/a><\/li><\/ul><\/div>\n<p><a href=\"http:\/\/skuldf\u00e4lla.se\">Skuldf\u00e4lla.se<\/a><\/p>\n","protected":false},"excerpt":{"rendered":"<p>Det finns tv\u00e5 slags skulds\u00e4ttning, planerad och oplanerad. N\u00e4r man v\u00e4ljer att ta upp ett l\u00e5n hamnar man i skuld till kreditgivaren och har sedan en best\u00e4md tid p\u00e5 sig [&hellip;]<\/p>\n","protected":false},"author":1,"featured_media":275,"parent":0,"menu_order":0,"comment_status":"closed","ping_status":"closed","template":"page-nosidebar.php","meta":{"footnotes":""},"class_list":["post-272","page","type-page","status-publish","has-post-thumbnail","hentry","has_thumb"],"wppr_data":{"cwp_meta_box_check":"No","cwp_rev_product_name":"","cwp_rev_price":""},"_links":{"self":[{"href":"https:\/\/lanebank.com\/sv\/wp-json\/wp\/v2\/pages\/272","targetHints":{"allow":["GET"]}}],"collection":[{"href":"https:\/\/lanebank.com\/sv\/wp-json\/wp\/v2\/pages"}],"about":[{"href":"https:\/\/lanebank.com\/sv\/wp-json\/wp\/v2\/types\/page"}],"author":[{"embeddable":true,"href":"https:\/\/lanebank.com\/sv\/wp-json\/wp\/v2\/users\/1"}],"replies":[{"embeddable":true,"href":"https:\/\/lanebank.com\/sv\/wp-json\/wp\/v2\/comments?post=272"}],"version-history":[{"count":4,"href":"https:\/\/lanebank.com\/sv\/wp-json\/wp\/v2\/pages\/272\/revisions"}],"predecessor-version":[{"id":926,"href":"https:\/\/lanebank.com\/sv\/wp-json\/wp\/v2\/pages\/272\/revisions\/926"}],"wp:featuredmedia":[{"embeddable":true,"href":"https:\/\/lanebank.com\/sv\/wp-json\/wp\/v2\/media\/275"}],"wp:attachment":[{"href":"https:\/\/lanebank.com\/sv\/wp-json\/wp\/v2\/media?parent=272"}],"curies":[{"name":"wp","href":"https:\/\/api.w.org\/{rel}","templated":true}]}}