{"id":277,"date":"2014-11-20T22:28:43","date_gmt":"2014-11-20T21:28:43","guid":{"rendered":"https:\/\/lanebank.com\/sv\/?page_id=277"},"modified":"2014-11-20T22:30:56","modified_gmt":"2014-11-20T21:30:56","slug":"sa-fungerar-skuldsanering","status":"publish","type":"page","link":"https:\/\/lanebank.com\/sv\/skuldsattning\/sa-fungerar-skuldsanering","title":{"rendered":"S\u00e5 fungerar skuldsanering"},"content":{"rendered":"<p>Den som dragit p\u00e5 sig skulder som sedan hamnat hos kronofogden, kan under vissa omst\u00e4ndigheter erbjudas skuldsanering genom kronofogden. Grundtanken med detta \u00e4r att djupt skuldsatta m\u00e4nniskor skall f\u00e5 m\u00f6jlighet att frig\u00f6ra sig fr\u00e5n skulds\u00e4ttning som annars riskerar att f\u00f6rsv\u00e5ras och fortg\u00e5 under stora delar av livet.<\/p>\n<p>Skuldsanering inneb\u00e4r att du under maximalt fem \u00e5r m\u00e5ste leva p\u00e5 existensminimum och p\u00e5 s\u00e5 vis hj\u00e4lpa till att betala tillbaka dina skulder. F\u00f6ljer du \u00f6verenskommelsen fullt ut under dessa \u00e5r kommer de kvarvarande skulderna sedan att eftersk\u00e4nkas.<\/p>\n<h3>Vem har r\u00e4tt att s\u00f6ka skuldsanering?<\/h3>\n<p>F\u00f6r att f\u00e5 r\u00e4tt till skuldsanering kr\u00e4vs att du \u00e4r skriven i Sverige, inte har n\u00e4ringsf\u00f6rbud och anses vara sv\u00e5rt skuldsatt i enlighet med kronofogdens riktlinjer r\u00f6rande kvalificerad insolvens. I samband med pr\u00f6vning om r\u00e4tt till skuldsanering kommer \u00e4ven dina personliga och ekonomiska f\u00f6rh\u00e5llanden att granskas och v\u00e4gas in i bed\u00f6mningen.<\/p>\n<p>Om kronofogdemyndigheten finner att du uppfyller samtliga kriterier kan skuldsaneringen p\u00e5b\u00f6rjas. F\u00e5r du avslag har du m\u00f6jlighet att l\u00e4mna in en \u00f6verklagan till Tingsr\u00e4tten f\u00f6r vidare bed\u00f6mning av \u00e4rendet.<\/p>\n<p>Viktigt att k\u00e4nna till \u00e4r att skuldsanering normalt endast beviljas en g\u00e5ng. Det \u00e4r d\u00e4rf\u00f6r synnerligen viktigt att tillvara ta den m\u00f6jlighet som man erbjuds och f\u00f6lja de mycket strikta regler som till\u00e4mpas.<\/p>\n<ul>\n<li>Du hittar mer information om skuldsanering hos <a href=\"https:\/\/www.kronofogden.se\/Skuldsanering4.html\">Kronofogden<\/a>.<\/li>\n<\/ul>\n","protected":false},"excerpt":{"rendered":"<p>Den som dragit p\u00e5 sig skulder som sedan hamnat hos kronofogden, kan under vissa omst\u00e4ndigheter erbjudas skuldsanering genom kronofogden. Grundtanken med detta \u00e4r att djupt skuldsatta m\u00e4nniskor skall f\u00e5 m\u00f6jlighet [&hellip;]<\/p>\n","protected":false},"author":1,"featured_media":0,"parent":272,"menu_order":0,"comment_status":"closed","ping_status":"closed","template":"","meta":{"footnotes":""},"class_list":["post-277","page","type-page","status-publish","hentry"],"wppr_data":{"cwp_meta_box_check":"No","cwp_rev_product_name":"","cwp_rev_price":""},"_links":{"self":[{"href":"https:\/\/lanebank.com\/sv\/wp-json\/wp\/v2\/pages\/277","targetHints":{"allow":["GET"]}}],"collection":[{"href":"https:\/\/lanebank.com\/sv\/wp-json\/wp\/v2\/pages"}],"about":[{"href":"https:\/\/lanebank.com\/sv\/wp-json\/wp\/v2\/types\/page"}],"author":[{"embeddable":true,"href":"https:\/\/lanebank.com\/sv\/wp-json\/wp\/v2\/users\/1"}],"replies":[{"embeddable":true,"href":"https:\/\/lanebank.com\/sv\/wp-json\/wp\/v2\/comments?post=277"}],"version-history":[{"count":4,"href":"https:\/\/lanebank.com\/sv\/wp-json\/wp\/v2\/pages\/277\/revisions"}],"predecessor-version":[{"id":281,"href":"https:\/\/lanebank.com\/sv\/wp-json\/wp\/v2\/pages\/277\/revisions\/281"}],"up":[{"embeddable":true,"href":"https:\/\/lanebank.com\/sv\/wp-json\/wp\/v2\/pages\/272"}],"wp:attachment":[{"href":"https:\/\/lanebank.com\/sv\/wp-json\/wp\/v2\/media?parent=277"}],"curies":[{"name":"wp","href":"https:\/\/api.w.org\/{rel}","templated":true}]}}