{"id":282,"date":"2014-11-20T22:31:47","date_gmt":"2014-11-20T21:31:47","guid":{"rendered":"https:\/\/lanebank.com\/sv\/?page_id=282"},"modified":"2020-11-30T00:19:58","modified_gmt":"2020-11-29T23:19:58","slug":"hjalp-det-finns-inga-pengar-kvar-pa-kontot","status":"publish","type":"page","link":"https:\/\/lanebank.com\/sv\/skuldsattning\/hjalp-det-finns-inga-pengar-kvar-pa-kontot","title":{"rendered":"Hj\u00e4lp det finns inga pengar kvar p\u00e5 kontot!"},"content":{"rendered":"<p>Brukar du ofta ha tomt p\u00e5 bankkontot vid m\u00e5nadsskiftet? D\u00e5 tillh\u00f6r du den fj\u00e4rdedelen av befolkningen som s\u00e4llan eller aldrig har n\u00e5gra pengar kvar n\u00e4r m\u00e5naden \u00e4r slut. Att leva fr\u00e5n m\u00e5nad till m\u00e5nad kan mycket v\u00e4l fungera ett tag, men i l\u00e4ngden \u00e4r det riskabelt att helt sakna buffert i vardagen.<\/p>\n<p>Befinner du dig i denna situation, \u00e4r det l\u00e4ge att p\u00e5 allvar b\u00f6rja fundera p\u00e5 vad du g\u00f6r f\u00f6r fel. Se \u00e4ven till att b\u00f6rja spara pengar snarast. Om du tycker det \u00e4r sv\u00e5rt, ha d\u00e5 som m\u00e5l att enbart spara 100 kr varje m\u00e5nad det f\u00f6rsta \u00e5ret och \u00f6ka sedan ditt sparande successivt.<\/p>\n<p>I snitt sparar svensken 775 kr varje m\u00e5nad vilket ger ett ungef\u00e4rligt genomsnittligt sparande p\u00e5 9300 kr per \u00e5r. I Sverige har vi v\u00e4ldigt bra livsvillkor och bra l\u00f6ner som g\u00f6r det m\u00f6jligt f\u00f6r i stort sett alla att spara minst 1000 kr varje m\u00e5nad, detta oavsett om man har familj eller lever ensam.<\/p>\n<p>Medell\u00f6nen f\u00f6r en svensk arbetare var 2013 23 500 kr. Dessa pengar skall r\u00e4cka till mycket. De skall t\u00e4cka hyra, mat, avtal, transport och andra n\u00f6dv\u00e4ndiga artiklar. En \u00e5terh\u00e5llsam och v\u00e4lfungerande hush\u00e5llsbudget kan se ut p\u00e5 f\u00f6ljande vis: omkring 10-25% g\u00e5r till bostaden, 10-20% till mat, 3-5% till kl\u00e4der, 3-5% fritid och 10-15% andra n\u00f6dv\u00e4ndigheter. Normalt skall det vara m\u00f6jligt att ha omkring 25-60% kvar av l\u00f6nen. Denna utgiftsf\u00f6rdelning skulle inneb\u00e4ra att det finns utrymme att spara ca 3.000-9.000 kr varje m\u00e5nad vid en l\u00f6n p\u00e5 23\u00a0500 kr\/m\u00e5n.<\/p>\n<h2>Tillf\u00e4llen d\u00e5 pengarna l\u00e4tt tar slut<\/h2>\n<p>\u00c4ven om majoriteten av svenskarna borde kunna l\u00e4gga undan mer pengar varje m\u00e5nad \u00e4n vad de faktiskt g\u00f6r, finns det naturligtvis perioder i livet som \u00e4r ekonomiskt fattigare. N\u00e5gra perioder d\u00e5 det kan vara sv\u00e5rt att undvara n\u00e5gra pengar \u00e4r n\u00e4r man studerar, saknar arbete eller nyligen blivit f\u00f6r\u00e4ldrar.<\/p>\n<p>Som student finns alltid m\u00f6jligheten att s\u00f6ka extra helgjobb, men f\u00f6r den som blivit arbetsl\u00f6s och redan har flera stora utgiftsposter \u00e4r marginalerna oftast v\u00e4ldigt sm\u00e5. En m\u00f6jlighet att f\u00f6rebygga detta \u00e4r att g\u00e5 med i a-kassan samt skaffa en l\u00f6nef\u00f6rs\u00e4kring som l\u00e5ter dig beh\u00e5lla n\u00e4stan hela inkomsten \u00e4ven om du f\u00f6rlorar arbetet.<\/p>\n<p>Sm\u00e5barnsf\u00f6r\u00e4ldrar har ofta det tufft en tid och \u00f6verg\u00e5ngen till f\u00f6r\u00e4ldraskap medf\u00f6r i regel en hel del nya kostnader som man inte f\u00f6rutsett. D\u00e4rf\u00f6r \u00e4r det extra viktigt att skaffa ett ekonomiskt t\u00e4nk under denna tid, exempelvis genom att skapa en budget s\u00e5 att det finns pengar kvar \u00e4ven vid m\u00e5nadsslutet.<\/p>\n<div style='display:none'>Adservice Comparison Feed: Could not find feed with ID \"lanebankloan1\"<\/div>\n<script>console.log('Adservice Comparison Feed: Could not find feed with ID \"lanebankloan1\"');<\/script>\n","protected":false},"excerpt":{"rendered":"<p>Brukar du ofta ha tomt p\u00e5 bankkontot vid m\u00e5nadsskiftet? D\u00e5 tillh\u00f6r du den fj\u00e4rdedelen av befolkningen som s\u00e4llan eller aldrig har n\u00e5gra pengar kvar n\u00e4r m\u00e5naden \u00e4r slut. Att leva [&hellip;]<\/p>\n","protected":false},"author":1,"featured_media":0,"parent":272,"menu_order":0,"comment_status":"closed","ping_status":"closed","template":"","meta":{"footnotes":""},"class_list":["post-282","page","type-page","status-publish","hentry"],"wppr_data":{"cwp_meta_box_check":"No","cwp_rev_product_name":"","cwp_rev_price":""},"_links":{"self":[{"href":"https:\/\/lanebank.com\/sv\/wp-json\/wp\/v2\/pages\/282","targetHints":{"allow":["GET"]}}],"collection":[{"href":"https:\/\/lanebank.com\/sv\/wp-json\/wp\/v2\/pages"}],"about":[{"href":"https:\/\/lanebank.com\/sv\/wp-json\/wp\/v2\/types\/page"}],"author":[{"embeddable":true,"href":"https:\/\/lanebank.com\/sv\/wp-json\/wp\/v2\/users\/1"}],"replies":[{"embeddable":true,"href":"https:\/\/lanebank.com\/sv\/wp-json\/wp\/v2\/comments?post=282"}],"version-history":[{"count":4,"href":"https:\/\/lanebank.com\/sv\/wp-json\/wp\/v2\/pages\/282\/revisions"}],"predecessor-version":[{"id":1806,"href":"https:\/\/lanebank.com\/sv\/wp-json\/wp\/v2\/pages\/282\/revisions\/1806"}],"up":[{"embeddable":true,"href":"https:\/\/lanebank.com\/sv\/wp-json\/wp\/v2\/pages\/272"}],"wp:attachment":[{"href":"https:\/\/lanebank.com\/sv\/wp-json\/wp\/v2\/media?parent=282"}],"curies":[{"name":"wp","href":"https:\/\/api.w.org\/{rel}","templated":true}]}}