{"id":284,"date":"2014-11-20T23:21:56","date_gmt":"2014-11-20T22:21:56","guid":{"rendered":"https:\/\/lanebank.com\/sv\/?page_id=284"},"modified":"2014-11-20T23:27:47","modified_gmt":"2014-11-20T22:27:47","slug":"hushallens-skulder-vaxer-fortsatt","status":"publish","type":"page","link":"https:\/\/lanebank.com\/sv\/skuldsattning\/hushallens-skulder-vaxer-fortsatt","title":{"rendered":"Hush\u00e5llens skulder v\u00e4xer fortsatt"},"content":{"rendered":"<p>N\u00e4r man ser till ett lands skulds\u00e4ttning kan man v\u00e4lja att betrakta detta ur tv\u00e5 olika perspektiv. Antingen kan man se till nationens skulds\u00e4ttning eller kan man titta p\u00e5 de enskilda hush\u00e5llens skuldb\u00f6rda.<\/p>\n<p>Beroende p\u00e5 vilket perspektiv man v\u00e4ljer att till\u00e4mpa har Sverige antingen en v\u00e4ldigt liten skuld i f\u00f6rh\u00e5llande till omv\u00e4rlden eller ocks\u00e5 tillh\u00f6r man de h\u00f6gst bel\u00e5nade l\u00e4nderna i v\u00e4rlden. Det \u00e4r n\u00e4mligen som s\u00e5 att nationen Sverige har en v\u00e4ldigt liten statsskuld j\u00e4mf\u00f6rt m\u00e5nga andra l\u00e4nder, fast samtidigt har de svenska hush\u00e5llens skulder aldrig varit s\u00e5 stora som de \u00e4r nu.<\/p>\n<p>Sanningen \u00e4r att skulds\u00e4ttningsgraden i Sverige bland hush\u00e5ll \u00e4r den h\u00f6gsta i hela v\u00e4rlden och kurvan har i princip pekat rakt upp\u00e5t en l\u00e4ngre tid. Paradoxalt nog har svenskarna parallellt \u00f6kat sina egendomstillg\u00e5ngar i en h\u00f6gre takt, ett bevis p\u00e5 att det inte \u00e4r och har varit l\u00f6nsamt att amortera p\u00e5 l\u00e5nen utan snarare tv\u00e4rtom har det l\u00f6nat sig att l\u00e5na f\u00f6r att k\u00f6pa fastigheter och aktier d\u00e4r v\u00e4rdeutvecklingen de senaste \u00e5ren varit avsev\u00e4rt mycket st\u00f6rre \u00e4n de r\u00e4ntekostnader man tvingas betala till banken.<\/p>\n<p>Att riksbanken valde att s\u00e4nka r\u00e4ntan till 0% f\u00f6rv\u00e5nade d\u00e4rf\u00f6r m\u00e5nga, eftersom detta skapar f\u00f6ruts\u00e4ttningar f\u00f6r ytterligare l\u00e5n och en fortsatt skenande skulds\u00e4ttning. M\u00f6jligen kan h\u00e5rdare amorteringskrav motverka detta, men fr\u00e5gan \u00e4r om det r\u00e4cker f\u00f6r att minska hush\u00e5llsskulderna i \u00f6nskad omfattning?<\/p>\n","protected":false},"excerpt":{"rendered":"<p>N\u00e4r man ser till ett lands skulds\u00e4ttning kan man v\u00e4lja att betrakta detta ur tv\u00e5 olika perspektiv. Antingen kan man se till nationens skulds\u00e4ttning eller kan man titta p\u00e5 de [&hellip;]<\/p>\n","protected":false},"author":1,"featured_media":0,"parent":272,"menu_order":0,"comment_status":"closed","ping_status":"closed","template":"","meta":{"footnotes":""},"class_list":["post-284","page","type-page","status-publish","hentry"],"wppr_data":{"cwp_meta_box_check":"No","cwp_rev_product_name":"","cwp_rev_price":""},"_links":{"self":[{"href":"https:\/\/lanebank.com\/sv\/wp-json\/wp\/v2\/pages\/284","targetHints":{"allow":["GET"]}}],"collection":[{"href":"https:\/\/lanebank.com\/sv\/wp-json\/wp\/v2\/pages"}],"about":[{"href":"https:\/\/lanebank.com\/sv\/wp-json\/wp\/v2\/types\/page"}],"author":[{"embeddable":true,"href":"https:\/\/lanebank.com\/sv\/wp-json\/wp\/v2\/users\/1"}],"replies":[{"embeddable":true,"href":"https:\/\/lanebank.com\/sv\/wp-json\/wp\/v2\/comments?post=284"}],"version-history":[{"count":1,"href":"https:\/\/lanebank.com\/sv\/wp-json\/wp\/v2\/pages\/284\/revisions"}],"predecessor-version":[{"id":285,"href":"https:\/\/lanebank.com\/sv\/wp-json\/wp\/v2\/pages\/284\/revisions\/285"}],"up":[{"embeddable":true,"href":"https:\/\/lanebank.com\/sv\/wp-json\/wp\/v2\/pages\/272"}],"wp:attachment":[{"href":"https:\/\/lanebank.com\/sv\/wp-json\/wp\/v2\/media?parent=284"}],"curies":[{"name":"wp","href":"https:\/\/api.w.org\/{rel}","templated":true}]}}