{"id":286,"date":"2014-11-20T23:23:38","date_gmt":"2014-11-20T22:23:38","guid":{"rendered":"https:\/\/lanebank.com\/sv\/?page_id=286"},"modified":"2014-11-20T23:27:58","modified_gmt":"2014-11-20T22:27:58","slug":"lan-for-att-losa-obetalda-skulder","status":"publish","type":"page","link":"https:\/\/lanebank.com\/sv\/skuldsattning\/lan-for-att-losa-obetalda-skulder","title":{"rendered":"L\u00e5n f\u00f6r att l\u00f6sa obetalda skulder"},"content":{"rendered":"<p>Det \u00e4r l\u00e4tt att dra p\u00e5 sig skulder men ofta sv\u00e5rt att g\u00f6ra sig av med dem. Detta g\u00e4ller i synnerhet korttidsl\u00e5n, d\u00e4r en betydande andel inte lyckas betala tillbaka pengarna i enlighet med avtalet utan \u00e4rendet g\u00e5r vidare till inkasso och ibland \u00e4ven till hela v\u00e4gen till kronofogden.<\/p>\n<p>Ofta r\u00f6r sig dessa skulder initialt om mycket sm\u00e5 belopp. Det handlar om ett par tusen som sedan v\u00e4xer snabb p\u00e5 grund av h\u00f6ga r\u00e4ntesatser. N\u00e4r man sedan v\u00e4l hamnat i en negativ spiral eskalerar kostnaderna. Det g\u00e4ller att snabbt bryta den negativa trenden genom att g\u00f6ra en rad f\u00f6r\u00e4ndringar.<\/p>\n<p>Viktigast av allt \u00e4r att se till att inga nya skulder tillkommer. Granska din ekonomi och identifiera orsaken till varf\u00f6r dina pengar inte r\u00e4cker och du tvingas l\u00e5na. D\u00e4refter kan det vara l\u00e4ge att se \u00f6ver m\u00f6jligheterna att l\u00f6sa mindre skulder genom att <a href=\"https:\/\/lanebank.com\/sv\/hitta\/samla-lan\">samla dem i ett st\u00f6rre l\u00e5n<\/a>. P\u00e5 s\u00e5 vis s\u00e4nker du de fasta avgifterna och den sammantagna r\u00e4ntan. Ytterligare en f\u00f6rdel med att l\u00f6sa sm\u00e5l\u00e5nen \u00e4r att du slipper h\u00e5lla reda p\u00e5 flera olika betalningsdatum vilket minimerar risken f\u00f6r inkassokrav orsakat av gl\u00f6mska.<\/p>\n<p>&nbsp;<\/p>\n<h5>Fakta: H\u00f6g andel med skulder<\/h5>\n<p>Att m\u00e5nga sitter fast i skulder och har sv\u00e5rt att sig ur denna situation, m\u00e4rks tydligt n\u00e4r man granskar statistik kopplad till snabbl\u00e5n. Bara under f\u00f6rsta h\u00e4lften av 2014 fick kronofogden 29.134 nya \u00e4renden med koppling till dessa l\u00e5n vilket \u00e4r en \u00f6kning med ca 22% fr\u00e5n \u00e5ret innan. Ett annat tecken i tiden \u00e4r att inkassobolagens vinster stadigt \u00f6kar, vilket b\u00f6r tolkas som att andelen skulder att driva in ocks\u00e5 \u00f6kar.<\/p>\n","protected":false},"excerpt":{"rendered":"<p>Det \u00e4r l\u00e4tt att dra p\u00e5 sig skulder men ofta sv\u00e5rt att g\u00f6ra sig av med dem. Detta g\u00e4ller i synnerhet korttidsl\u00e5n, d\u00e4r en betydande andel inte lyckas betala tillbaka [&hellip;]<\/p>\n","protected":false},"author":1,"featured_media":0,"parent":272,"menu_order":0,"comment_status":"closed","ping_status":"closed","template":"","meta":{"footnotes":""},"class_list":["post-286","page","type-page","status-publish","hentry"],"wppr_data":{"cwp_meta_box_check":"No","cwp_rev_product_name":"","cwp_rev_price":""},"_links":{"self":[{"href":"https:\/\/lanebank.com\/sv\/wp-json\/wp\/v2\/pages\/286","targetHints":{"allow":["GET"]}}],"collection":[{"href":"https:\/\/lanebank.com\/sv\/wp-json\/wp\/v2\/pages"}],"about":[{"href":"https:\/\/lanebank.com\/sv\/wp-json\/wp\/v2\/types\/page"}],"author":[{"embeddable":true,"href":"https:\/\/lanebank.com\/sv\/wp-json\/wp\/v2\/users\/1"}],"replies":[{"embeddable":true,"href":"https:\/\/lanebank.com\/sv\/wp-json\/wp\/v2\/comments?post=286"}],"version-history":[{"count":1,"href":"https:\/\/lanebank.com\/sv\/wp-json\/wp\/v2\/pages\/286\/revisions"}],"predecessor-version":[{"id":287,"href":"https:\/\/lanebank.com\/sv\/wp-json\/wp\/v2\/pages\/286\/revisions\/287"}],"up":[{"embeddable":true,"href":"https:\/\/lanebank.com\/sv\/wp-json\/wp\/v2\/pages\/272"}],"wp:attachment":[{"href":"https:\/\/lanebank.com\/sv\/wp-json\/wp\/v2\/media?parent=286"}],"curies":[{"name":"wp","href":"https:\/\/api.w.org\/{rel}","templated":true}]}}