{"id":556,"date":"2014-12-29T11:10:53","date_gmt":"2014-12-29T10:10:53","guid":{"rendered":"https:\/\/lanebank.com\/sv\/?page_id=556"},"modified":"2020-11-29T23:17:57","modified_gmt":"2020-11-29T22:17:57","slug":"lana-trots-inkasso-fa-pengar-med-skulder-hos-kronofogden","status":"publish","type":"page","link":"https:\/\/lanebank.com\/sv\/skuldsattning\/lana-trots-inkasso-fa-pengar-med-skulder-hos-kronofogden","title":{"rendered":"L\u00e5na trots inkasso &#8211; f\u00e5 pengar med skulder hos kronofogden"},"content":{"rendered":"<p>M\u00e5nga kreditgivare kr\u00e4ver att du \u00e4r fullst\u00e4ndigt skuldfri och inte har n\u00e5gra betalningsanm\u00e4rkningar , men det finns undantag. <span style=\"text-decoration: underline;\"><span style=\"color: #ff0000; text-decoration: underline;\">I dagsl\u00e4get finns det inga l\u00e5ngivare eller banker som erbjuder l\u00e5n trots skulder hos kronofogden<\/span><\/span>.<\/p>\n<p>Att l\u00e5na pengar med anm\u00e4rkningar eller skulder hos kronofogden \u00e4r inte att rekommendera och oftast ej\u00a0m\u00f6jligt, men i vissa fall kan det vara m\u00f6jligt att ans\u00f6ka om nya l\u00e5n trots skulds\u00e4ttning. Den h\u00e4r sidan \u00e4r till f\u00f6r dig som befinner dig mitt i en personlig skuldkris. H\u00e4r hittar du all information du beh\u00f6ver k\u00e4nna till r\u00f6rande kreditgivare, privatl\u00e5n och smsl\u00e5n trots skulder.<\/p>\n<p>Det \u00e4r l\u00e4tt h\u00e4nt att man drar p\u00e5 sig l\u00e5n som sedan leder till betalningsanm\u00e4rkningar samt skuldsaldo. Om du befinner dig mitt i en skuldkris, l\u00e5ter det f\u00f6rmodligen heltokigt att ans\u00f6ka om ytterligare l\u00e5n. Men faktum \u00e4r att r\u00e4tt uppl\u00e4gg faktiskt kan hj\u00e4lpa dig f\u00e5 fart p\u00e5 din ekonomi, vilket \u00e4r vad som kr\u00e4vs i det l\u00e5nga loppet f\u00f6r att \u00e5terf\u00e5 kontrollen \u00f6ver din privatekonomi. Detta g\u00e4ller dock <em>inte<\/em> dig som redan har hamnat hos kronofogden.<\/p>\n<h3>L\u00e5n trots skulder<\/h3>\n<p>Om du \u00e4nnu inte har hamnat i kronofogdens register, men risker att g\u00f6ra detta p\u00e5 grund av dyra l\u00e5n, kan det vara god id\u00e9 att se \u00f6ver m\u00f6jligheterna att l\u00f6sa dessa krediter. Genom att skapa s\u00e5 kallade <a href=\"https:\/\/lanebank.com\/sv\/hitta\/samla-lan\">samlingsl\u00e5n<\/a>, finns det m\u00f6jligheter att samla dina kostsamma utest\u00e5ende krediter i l\u00e5n med l\u00e4gre r\u00e4nta och kostnader.<\/p>\n<p>Tv\u00e5 bolag som kan hj\u00e4lpa dig teckna denna typ av oml\u00e4ggningsl\u00e5n \u00e4r Svensk L\u00e5nef\u00f6rmedling, d\u00e4r du har m\u00f6jlighet att ans\u00f6ka till ett flertal olika kreditgivare p\u00e5 en och samma g\u00e5ng, samt Villabanken som erbjuder samlingsl\u00e5n f\u00f6r sm\u00e5l\u00e5n.<\/p>\n<h3>Det g\u00e5r att l\u00e5na med betalningsanm\u00e4rkning!<\/h3>\n<p>I motsats till vad m\u00e5nga tror \u00e4r det faktiskt inte kronofogden som delar ut betalningsanm\u00e4rkningar, utan snarare UC. \u00a0Kreditupplysningsf\u00f6retagen sparar i regel uppgifter p\u00e5 en privatperson i upp till tre \u00e5r efter den dag anm\u00e4rkningen utf\u00e4rdats. En betalningsanm\u00e4rkning g\u00f6r det ofta sv\u00e5rare att l\u00e5na och k\u00f6pa saker p\u00e5 avbetalning. Idag finns det finansiella m\u00f6jligheter f\u00f6r i stort sett alla m\u00e4nniskor men personer med anm\u00e4rkning, m\u00e5ste generellt r\u00e4kna med dyrare l\u00e5neavtal.<\/p>\n<p>Att inte ha m\u00f6jlighet att teckna kredit f\u00f6rsv\u00e5rar vardagen och s\u00e4tter k\u00e4ppar i hjulen f\u00f6r projekt och dr\u00f6mmar.<\/p>\n<p>Det \u00e4r inte om\u00f6jligt att f\u00e5 l\u00e5n med betalningsanm\u00e4rkning, men det \u00e4r riskabelt och dyrt.<\/p>\n<p>Hundratusentals svenskar har idag blivit prickade p\u00e5 grund av f\u00f6rsenade \u00e5terbetalningar. F\u00f6r dessa m\u00e4nniskor \u00e4r det ofta mycket sv\u00e5rt att l\u00e5na pengar hos en traditionell bank.<\/p>\n<p>Om du \u00e4r en av dessa m\u00e4nniskor som dragit p\u00e5 dig en betalningsanm\u00e4rkning men som nu f\u00e5tt ordning p\u00e5 din ekonomi, d\u00e5 finns det goda m\u00f6jligheter att l\u00e5na redan idag till f\u00f6rh\u00f6jd r\u00e4nta. Kom bara ih\u00e5g att inte ing\u00e5 avtal utan att du vet med dig att du kommer klara av att betala tillbaka pengarna i tid.<\/p>\n<h3>Alternativa l\u00e5nem\u00f6jligheter f\u00f6r dig med skuldsaldo<\/h3>\n<p>\u00c4ven om <strong>det finns ett antal l\u00e5nebolag som g\u00f6r det m\u00f6jlighet att l\u00e5na pengar trots skuldsaldo<\/strong>, \u00e4r det inte s\u00e4kert att denna typ av l\u00e5n alltid beviljas. Om du befinner dig i en situation d\u00e4r banker v\u00e4grar att l\u00e5na ut pengar till dig, kan det vara l\u00e4ge att se \u00f6ver vilka andra alternativ som finns att v\u00e4lja mellan.<\/p>\n<p><em><a href=\"https:\/\/lanebank.com\/sv\/info\/pantlan\">Pantl\u00e5n<\/a><\/em><\/p>\n<p>Det f\u00f6rmodligen vanligaste alternativet \u00e4r att pants\u00e4tta f\u00f6rem\u00e5l. Idag finns det ett flertal pantbanker runtom i landet som \u00e4r villiga att bel\u00e5na smycken, guld, elektronik och andra v\u00e4rdef\u00f6rem\u00e5l. I samband med ditt bes\u00f6k hos panthandlaren, kommer dina f\u00f6rem\u00e5l v\u00e4rderas och du f\u00e5r sedan denna pantsumman utbetald omg\u00e5ende. Du betalar sedan m\u00e5natligen en viss summa pengar och S\u00e5 l\u00e4nge du betalar denna summa i tid, beh\u00e5ller du det pantsatta f\u00f6rem\u00e5let i dina \u00e4gor. Det \u00e4r f\u00f6rst om du misslyckas med att g\u00f6ra dessa l\u00f6pande inbetalningar som det pantsatta f\u00f6rem\u00e5let \u00f6verg\u00e5r i pantbankens \u00e4go.<\/p>\n<p><em>S\u00e4lja guld<\/em><\/p>\n<p>Om du har sv\u00e5rt att f\u00e5 l\u00e5n p\u00e5 grund av din skulder hos kronofogden, \u00e4r en annan m\u00f6jlighet att s\u00e4lja v\u00e4rdef\u00f6rem\u00e5l. I dagsl\u00e4get finns det flera guldhandlare som \u00e4r villiga att betala bra priser f\u00f6r guldf\u00f6rem\u00e5l.<\/p>\n<p>&nbsp;<\/p>\n<ul>\n<li><a href=\"https:\/\/lanebank.com\/sv\/kreditprovning\/utan-fast-anstallning\">L\u00e5na med l\u00e5g inkomst utan fast anst\u00e4llning<\/a><\/li>\n<li><a href=\"https:\/\/lanebank.com\/sv\/skuldsattning\/lana-trots-inkasso-fa-pengar-med-skulder-hos-kronofogden\/inkassobolag\">Inkassobolag &#8211; f\u00f6retag i Sverige som sk\u00f6ter skuldindrivning<\/a><\/li>\n<\/ul>\n","protected":false},"excerpt":{"rendered":"<p>M\u00e5nga kreditgivare kr\u00e4ver att du \u00e4r fullst\u00e4ndigt skuldfri och inte har n\u00e5gra betalningsanm\u00e4rkningar , men det finns undantag. I dagsl\u00e4get finns det inga l\u00e5ngivare eller banker som erbjuder l\u00e5n trots [&hellip;]<\/p>\n","protected":false},"author":1,"featured_media":0,"parent":272,"menu_order":0,"comment_status":"open","ping_status":"open","template":"","meta":{"footnotes":""},"class_list":["post-556","page","type-page","status-publish","hentry"],"wppr_data":{"cwp_meta_box_check":"No","cwp_rev_product_name":"","cwp_rev_price":""},"_links":{"self":[{"href":"https:\/\/lanebank.com\/sv\/wp-json\/wp\/v2\/pages\/556","targetHints":{"allow":["GET"]}}],"collection":[{"href":"https:\/\/lanebank.com\/sv\/wp-json\/wp\/v2\/pages"}],"about":[{"href":"https:\/\/lanebank.com\/sv\/wp-json\/wp\/v2\/types\/page"}],"author":[{"embeddable":true,"href":"https:\/\/lanebank.com\/sv\/wp-json\/wp\/v2\/users\/1"}],"replies":[{"embeddable":true,"href":"https:\/\/lanebank.com\/sv\/wp-json\/wp\/v2\/comments?post=556"}],"version-history":[{"count":16,"href":"https:\/\/lanebank.com\/sv\/wp-json\/wp\/v2\/pages\/556\/revisions"}],"predecessor-version":[{"id":1802,"href":"https:\/\/lanebank.com\/sv\/wp-json\/wp\/v2\/pages\/556\/revisions\/1802"}],"up":[{"embeddable":true,"href":"https:\/\/lanebank.com\/sv\/wp-json\/wp\/v2\/pages\/272"}],"wp:attachment":[{"href":"https:\/\/lanebank.com\/sv\/wp-json\/wp\/v2\/media?parent=556"}],"curies":[{"name":"wp","href":"https:\/\/api.w.org\/{rel}","templated":true}]}}