{"id":573,"date":"2015-01-12T17:27:17","date_gmt":"2015-01-12T16:27:17","guid":{"rendered":"https:\/\/lanebank.com\/sv\/?page_id=573"},"modified":"2015-01-18T20:26:13","modified_gmt":"2015-01-18T19:26:13","slug":"utbetalningstider","status":"publish","type":"page","link":"https:\/\/lanebank.com\/sv\/lanebesked-direkt\/utbetalningstider","title":{"rendered":"Utbetalningstider"},"content":{"rendered":"<h4>Bolag Med direkt utbetalning f\u00f6r smsl\u00e5n vardag &amp; helg<\/h4>\n<p>M\u00e5nga \u00f6nskar m\u00f6jligheten att l\u00e5na pengar med direkt utbetalning \u00e4ven under helgen. H\u00e4r finner du en sammanst\u00e4llning \u00f6ver sms l\u00e5n bolag som g\u00f6r direktutbetalningar under vardagar och helger. F\u00f6r att utbetalningen skall kunna g\u00f6ras direkt samma dag m\u00e5ste ans\u00f6kan beviljats och transaktionen p\u00e5b\u00f6rjats innan kl 13.30.<\/p>\n","protected":false},"excerpt":{"rendered":"<p>Bolag Med direkt utbetalning f\u00f6r smsl\u00e5n vardag &amp; helg M\u00e5nga \u00f6nskar m\u00f6jligheten att l\u00e5na pengar med direkt utbetalning \u00e4ven under helgen. H\u00e4r finner du en sammanst\u00e4llning \u00f6ver sms l\u00e5n bolag [&hellip;]<\/p>\n","protected":false},"author":1,"featured_media":356,"parent":600,"menu_order":0,"comment_status":"closed","ping_status":"closed","template":"","meta":{"footnotes":""},"class_list":["post-573","page","type-page","status-publish","has-post-thumbnail","hentry","has_thumb"],"wppr_data":{"cwp_meta_box_check":"No","cwp_rev_product_name":"","cwp_rev_price":""},"_links":{"self":[{"href":"https:\/\/lanebank.com\/sv\/wp-json\/wp\/v2\/pages\/573","targetHints":{"allow":["GET"]}}],"collection":[{"href":"https:\/\/lanebank.com\/sv\/wp-json\/wp\/v2\/pages"}],"about":[{"href":"https:\/\/lanebank.com\/sv\/wp-json\/wp\/v2\/types\/page"}],"author":[{"embeddable":true,"href":"https:\/\/lanebank.com\/sv\/wp-json\/wp\/v2\/users\/1"}],"replies":[{"embeddable":true,"href":"https:\/\/lanebank.com\/sv\/wp-json\/wp\/v2\/comments?post=573"}],"version-history":[{"count":11,"href":"https:\/\/lanebank.com\/sv\/wp-json\/wp\/v2\/pages\/573\/revisions"}],"predecessor-version":[{"id":584,"href":"https:\/\/lanebank.com\/sv\/wp-json\/wp\/v2\/pages\/573\/revisions\/584"}],"up":[{"embeddable":true,"href":"https:\/\/lanebank.com\/sv\/wp-json\/wp\/v2\/pages\/600"}],"wp:featuredmedia":[{"embeddable":true,"href":"https:\/\/lanebank.com\/sv\/wp-json\/wp\/v2\/media\/356"}],"wp:attachment":[{"href":"https:\/\/lanebank.com\/sv\/wp-json\/wp\/v2\/media?parent=573"}],"curies":[{"name":"wp","href":"https:\/\/api.w.org\/{rel}","templated":true}]}}