{"id":587,"date":"2015-01-14T14:44:50","date_gmt":"2015-01-14T13:44:50","guid":{"rendered":"https:\/\/lanebank.com\/sv\/?page_id=587"},"modified":"2015-01-18T20:26:02","modified_gmt":"2015-01-18T19:26:02","slug":"r%c3%a4ntefria-l%c3%a5n","status":"publish","type":"page","link":"https:\/\/lanebank.com\/sv\/lanebesked-direkt\/r%c3%a4ntefria-l%c3%a5n","title":{"rendered":"Smsl\u00e5ngivare med r\u00e4ntefria l\u00e5n"},"content":{"rendered":"<p>Utifr\u00e5n ett historiskt perspektiv har r\u00e4ntefria l\u00e5n i princip alltid f\u00f6rekommit i n\u00e5gon grad, idag \u00e4r det framf\u00f6rallt i de delar av v\u00e4rlden d\u00e4r islam har en dominerande st\u00e4llning som detta uppl\u00e4gg f\u00f6rekommer. Dock inneb\u00e4r det inte att det \u00e4r gratis att l\u00e5na pengar bara f\u00f6r att det \u00e4r r\u00e4ntefritt. Banken eller kreditgivaren tar ist\u00e4llet ut fasta utgifter f\u00f6r att t\u00e4cka kostnader och risk.<\/p>\n<p>I Sverige f\u00f6rekommer detta uppl\u00e4gg endast i mindre skala och d\u00e5 handlar det om smsl\u00e5ngivare som l\u00e5ter kunden l\u00e5na r\u00e4ntefritt under en mycket begr\u00e4nsad tid. Huvudsakligen handlar det om r\u00e4ntefria introduktionserbjudanden som g\u00f6r det m\u00f6jligt f\u00f6r kunder att prova p\u00e5 snabbl\u00e5n. Kostnader som i regel tillkommer \u00e4r uppl\u00e4ggningskostnad samt avi-avgift.<\/p>\n<p>Nedan kan du se en sammanst\u00e4llning \u00f6ver samtliga svenska smsl\u00e5ngivare som l\u00e5ter dig l\u00e5na r\u00e4ntefritt!<\/p>\n","protected":false},"excerpt":{"rendered":"<p>Utifr\u00e5n ett historiskt perspektiv har r\u00e4ntefria l\u00e5n i princip alltid f\u00f6rekommit i n\u00e5gon grad, idag \u00e4r det framf\u00f6rallt i de delar av v\u00e4rlden d\u00e4r islam har en dominerande st\u00e4llning som [&hellip;]<\/p>\n","protected":false},"author":1,"featured_media":589,"parent":600,"menu_order":0,"comment_status":"closed","ping_status":"closed","template":"","meta":{"footnotes":""},"class_list":["post-587","page","type-page","status-publish","has-post-thumbnail","hentry","has_thumb"],"wppr_data":{"cwp_meta_box_check":"No","cwp_rev_product_name":"","cwp_rev_price":""},"_links":{"self":[{"href":"https:\/\/lanebank.com\/sv\/wp-json\/wp\/v2\/pages\/587","targetHints":{"allow":["GET"]}}],"collection":[{"href":"https:\/\/lanebank.com\/sv\/wp-json\/wp\/v2\/pages"}],"about":[{"href":"https:\/\/lanebank.com\/sv\/wp-json\/wp\/v2\/types\/page"}],"author":[{"embeddable":true,"href":"https:\/\/lanebank.com\/sv\/wp-json\/wp\/v2\/users\/1"}],"replies":[{"embeddable":true,"href":"https:\/\/lanebank.com\/sv\/wp-json\/wp\/v2\/comments?post=587"}],"version-history":[{"count":2,"href":"https:\/\/lanebank.com\/sv\/wp-json\/wp\/v2\/pages\/587\/revisions"}],"predecessor-version":[{"id":591,"href":"https:\/\/lanebank.com\/sv\/wp-json\/wp\/v2\/pages\/587\/revisions\/591"}],"up":[{"embeddable":true,"href":"https:\/\/lanebank.com\/sv\/wp-json\/wp\/v2\/pages\/600"}],"wp:featuredmedia":[{"embeddable":true,"href":"https:\/\/lanebank.com\/sv\/wp-json\/wp\/v2\/media\/589"}],"wp:attachment":[{"href":"https:\/\/lanebank.com\/sv\/wp-json\/wp\/v2\/media?parent=587"}],"curies":[{"name":"wp","href":"https:\/\/api.w.org\/{rel}","templated":true}]}}