{"id":592,"date":"2017-04-16T00:16:43","date_gmt":"2017-04-15T22:16:43","guid":{"rendered":"https:\/\/lanebank.com\/sv\/?page_id=592"},"modified":"2017-05-31T10:38:07","modified_gmt":"2017-05-31T08:38:07","slug":"att-lana-pengar-till-resan-ej-att-rekommendera","status":"publish","type":"page","link":"https:\/\/lanebank.com\/sv\/lana-pengar\/att-lana-pengar-till-resan-ej-att-rekommendera","title":{"rendered":"Att l\u00e5na pengar till resan ej att rekommendera"},"content":{"rendered":"<p>Sveriges befolkning tillh\u00f6r en av de mest mobila i v\u00e4rlden. Vi reser mycket b\u00e5de inrikes och utrikes. De senaste \u00e5ren har sett en kraftig \u00f6kning av internationella flygresor. En \u00f6kning som ses b\u00e5de vad g\u00e4ller semesterresor och aff\u00e4rsresor. I takt med ett \u00f6kat resande har det \u00e4ven kommit att bli vanligare att folk tar resel\u00e5n f\u00f6r att finansiera flygturen. Men att l\u00e5na pengar till resor \u00e4r inte oproblematiskt, det generella r\u00e5det \u00e4r att enbart ta upp l\u00e5n till v\u00e4rdebest\u00e4ndiga ink\u00f6p. Resor \u00e4r att betrakta som f\u00f6rbrukningsvara, med ett tillf\u00e4lligt icke-v\u00e4rdebest\u00e4ndigt v\u00e4rde, d\u00e4rf\u00f6r \u00e4r det inte heller l\u00e4mpligt att l\u00e5na pengar till detta \u00e4ndam\u00e5l.<\/p>\n<p>V\u00e4ljer du trots allt att skulds\u00e4tta dig med syfte att k\u00f6pa en resa, \u00e4r det viktigt att g\u00f6ra ett s\u00e5 klokt val av resel\u00e5n som m\u00f6jligt. B\u00e4st \u00e4r att teckna ett <a href=\"https:\/\/lanebank.com\/sv\/till\/bank-norwegian\" rel=\"nofollow\">bankl\u00e5n utan s\u00e4kerhet<\/a>, dock kan det ibland vara sv\u00e5rt att f\u00e5 ett s\u00e5dant beviljat utan goda sk\u00e4l. M\u00e5ste du resa eller \u00e4r det fr\u00e4mst en n\u00f6jesresa? Ett annat alternativ \u00e4r att s\u00f6ka ett blancol\u00e5n fr\u00e5n en mindre l\u00e5ngivare dessa pengar kan du i regel spendera efter behag och du har ingen skyldighet att precisera exakt vad pengarna skall g\u00e5 till. Tv\u00e5 t\u00e4nkbara l\u00e5n d\u00e4r du inte beh\u00f6ver uppge en anledning \u00e4r <a title=\"MyLoan\" href=\"https:\/\/lanebank.com\/sv\/130-l%C3%A5n-search.php\/myloan\">MyMoney<\/a> eller <a title=\"Selene Finans\" href=\"https:\/\/lanebank.com\/sv\/114-l%C3%A5n-search.php\/selene-finans\">Selene Finans<\/a>.<\/p>\n<p>Innan du best\u00e4mmer dig f\u00f6r att l\u00e5na till resa, b\u00f6r du noga fundera \u00f6ver konsekvenserna av detta handlande. Det \u00e4r extremt viktigt att du \u00e4r inf\u00f6rst\u00e5dd med att hela skulden m\u00e5ste \u00e5terbetalas inom utsatt tid. Dina m\u00f6jligheter att ta ytterligare l\u00e5n kommer troligtvis \u00e4ven vara ytterst begr\u00e4nsade.<\/p>\n<p>B\u00e4sta viset att undvika denna sist helt och h\u00e5llet, \u00e4r att <a href=\"https:\/\/lanebank.com\/sv\/info\/sparkonto\">\u00f6ppna ett sparkonto<\/a> och b\u00f6rja s\u00e4tta in pengar regelbundet.<\/p>\n","protected":false},"excerpt":{"rendered":"<p>Sveriges befolkning tillh\u00f6r en av de mest mobila i v\u00e4rlden. Vi reser mycket b\u00e5de inrikes och utrikes. De senaste \u00e5ren har sett en kraftig \u00f6kning av internationella flygresor. En \u00f6kning [&hellip;]<\/p>\n","protected":false},"author":1,"featured_media":617,"parent":170,"menu_order":0,"comment_status":"closed","ping_status":"closed","template":"","meta":{"footnotes":""},"class_list":["post-592","page","type-page","status-publish","has-post-thumbnail","hentry","has_thumb"],"wppr_data":{"cwp_meta_box_check":"No","cwp_rev_product_name":"","cwp_rev_price":""},"_links":{"self":[{"href":"https:\/\/lanebank.com\/sv\/wp-json\/wp\/v2\/pages\/592","targetHints":{"allow":["GET"]}}],"collection":[{"href":"https:\/\/lanebank.com\/sv\/wp-json\/wp\/v2\/pages"}],"about":[{"href":"https:\/\/lanebank.com\/sv\/wp-json\/wp\/v2\/types\/page"}],"author":[{"embeddable":true,"href":"https:\/\/lanebank.com\/sv\/wp-json\/wp\/v2\/users\/1"}],"replies":[{"embeddable":true,"href":"https:\/\/lanebank.com\/sv\/wp-json\/wp\/v2\/comments?post=592"}],"version-history":[{"count":2,"href":"https:\/\/lanebank.com\/sv\/wp-json\/wp\/v2\/pages\/592\/revisions"}],"predecessor-version":[{"id":618,"href":"https:\/\/lanebank.com\/sv\/wp-json\/wp\/v2\/pages\/592\/revisions\/618"}],"up":[{"embeddable":true,"href":"https:\/\/lanebank.com\/sv\/wp-json\/wp\/v2\/pages\/170"}],"wp:featuredmedia":[{"embeddable":true,"href":"https:\/\/lanebank.com\/sv\/wp-json\/wp\/v2\/media\/617"}],"wp:attachment":[{"href":"https:\/\/lanebank.com\/sv\/wp-json\/wp\/v2\/media?parent=592"}],"curies":[{"name":"wp","href":"https:\/\/api.w.org\/{rel}","templated":true}]}}