{"id":600,"date":"2015-01-15T14:38:50","date_gmt":"2015-01-15T13:38:50","guid":{"rendered":"https:\/\/lanebank.com\/sv\/?page_id=600"},"modified":"2015-01-18T20:24:21","modified_gmt":"2015-01-18T19:24:21","slug":"lanebesked-direkt","status":"publish","type":"page","link":"https:\/\/lanebank.com\/sv\/lanebesked-direkt","title":{"rendered":"L\u00e5nebesked direkt p\u00e5 sk\u00e4rmen med direktl\u00e5n"},"content":{"rendered":"<p>Ett vanligt f\u00f6rekommande \u00f6nskem\u00e5l bland de som s\u00f6ker l\u00e5n \u00e4r att man f\u00e5r svar direkt p\u00e5 sk\u00e4rmen. F\u00f6r m\u00e5nga \u00e4r det helt n\u00f6dv\u00e4ndigt med ett skyndsamt l\u00e5nebesked. Lyckligtvis har de tekniska l\u00f6sningarna hos kreditgivarna utvecklats mycket de senaste \u00e5ren, vilket inneb\u00e4r att m\u00e5nga akt\u00f6rer idag erbjuder s\u00e5 kallade direktl\u00e5n med svar direkt eller inom 24 timmar och snabb utbetalning.<\/p>\n<p>Den som ans\u00f6ker om direktl\u00e5n f\u00e5r oftast ett prelimin\u00e4rt svar direkt p\u00e5 sk\u00e4rmen efter det att man fyllt i ans\u00f6kan. D\u00e4refter sker en kreditkontroll som pr\u00f6var dina f\u00f6ruts\u00e4ttningar att \u00e5terbetala l\u00e5net i tid. D\u00e4refter f\u00e5r du ett slutgiltigt l\u00e5nesvar.<\/p>\n<p>T\u00e4nk p\u00e5 att samtliga kreditkontroller lagras hos UC vilket p\u00e5verkar dina m\u00f6jligheter att s\u00f6ka l\u00e5n. Se till att f\u00e5 flera svar p\u00e5 samma ans\u00f6kan genom att anv\u00e4nda n\u00e5gon av f\u00f6ljande l\u00e5nef\u00f6rmedlare d\u00e5 du s\u00f6ker direktl\u00e5n p\u00e5 internet:<\/p>\n","protected":false},"excerpt":{"rendered":"<p>Ett vanligt f\u00f6rekommande \u00f6nskem\u00e5l bland de som s\u00f6ker l\u00e5n \u00e4r att man f\u00e5r svar direkt p\u00e5 sk\u00e4rmen. F\u00f6r m\u00e5nga \u00e4r det helt n\u00f6dv\u00e4ndigt med ett skyndsamt l\u00e5nebesked. Lyckligtvis har de [&hellip;]<\/p>\n","protected":false},"author":1,"featured_media":601,"parent":0,"menu_order":0,"comment_status":"closed","ping_status":"closed","template":"","meta":{"footnotes":""},"class_list":["post-600","page","type-page","status-publish","has-post-thumbnail","hentry","has_thumb"],"wppr_data":{"cwp_meta_box_check":"No","cwp_rev_product_name":"","cwp_rev_price":""},"_links":{"self":[{"href":"https:\/\/lanebank.com\/sv\/wp-json\/wp\/v2\/pages\/600","targetHints":{"allow":["GET"]}}],"collection":[{"href":"https:\/\/lanebank.com\/sv\/wp-json\/wp\/v2\/pages"}],"about":[{"href":"https:\/\/lanebank.com\/sv\/wp-json\/wp\/v2\/types\/page"}],"author":[{"embeddable":true,"href":"https:\/\/lanebank.com\/sv\/wp-json\/wp\/v2\/users\/1"}],"replies":[{"embeddable":true,"href":"https:\/\/lanebank.com\/sv\/wp-json\/wp\/v2\/comments?post=600"}],"version-history":[{"count":1,"href":"https:\/\/lanebank.com\/sv\/wp-json\/wp\/v2\/pages\/600\/revisions"}],"predecessor-version":[{"id":602,"href":"https:\/\/lanebank.com\/sv\/wp-json\/wp\/v2\/pages\/600\/revisions\/602"}],"wp:featuredmedia":[{"embeddable":true,"href":"https:\/\/lanebank.com\/sv\/wp-json\/wp\/v2\/media\/601"}],"wp:attachment":[{"href":"https:\/\/lanebank.com\/sv\/wp-json\/wp\/v2\/media?parent=600"}],"curies":[{"name":"wp","href":"https:\/\/api.w.org\/{rel}","templated":true}]}}