{"id":603,"date":"2015-01-13T21:34:19","date_gmt":"2015-01-13T20:34:19","guid":{"rendered":"https:\/\/lanebank.com\/sv\/?page_id=603"},"modified":"2019-02-15T16:54:44","modified_gmt":"2019-02-15T15:54:44","slug":"lana-pengar-snabbt-utan-uc","status":"publish","type":"page","link":"https:\/\/lanebank.com\/sv\/kreditprovning\/lana-pengar-snabbt-utan-uc","title":{"rendered":"L\u00e5na pengar snabbt utan UC"},"content":{"rendered":"<p>V\u00e4ljer du att l\u00e5na pengar genom en svensk bank kommer en kreditupplysning g\u00f6ras hos UC. Normalt inneb\u00e4r detta inte ett problem, men om flera kreditupplysningar gjorts i ditt namn under en kort tidsperiod finns det risk att din ans\u00f6kan nekas enkom p\u00e5 grund av det stora antalet ans\u00f6kningar mot UC:s databas.<\/p>\n<p>Vill du snabbt kunna l\u00e5na pengar utan att beh\u00f6va v\u00e4nta tills din kreditv\u00e4rdighet f\u00f6rb\u00e4ttrats, m\u00e5ste du d\u00e4rf\u00f6r hitta en l\u00e5ngivare som inte anv\u00e4nder UC vid kreditpr\u00f6vning. F\u00f6r n\u00e4rvarande finns det inte s\u00e5 m\u00e5nga st\u00f6rre l\u00e5n utan UC utan det \u00e4r fr\u00e4mst mindre snabbl\u00e5n, som anv\u00e4nder andra kreditupplysningstj\u00e4nster.<\/p>\n<p>Nedan hittar du en lista med l\u00e5nef\u00f6retag f\u00f6r dig som vill l\u00e5na pengar utan UC:<\/p>\n","protected":false},"excerpt":{"rendered":"<p>V\u00e4ljer du att l\u00e5na pengar genom en svensk bank kommer en kreditupplysning g\u00f6ras hos UC. Normalt inneb\u00e4r detta inte ett problem, men om flera kreditupplysningar gjorts i ditt namn under [&hellip;]<\/p>\n","protected":false},"author":1,"featured_media":605,"parent":640,"menu_order":0,"comment_status":"closed","ping_status":"closed","template":"","meta":{"footnotes":""},"class_list":["post-603","page","type-page","status-publish","has-post-thumbnail","hentry","has_thumb"],"wppr_data":{"cwp_meta_box_check":"No","cwp_rev_product_name":"","cwp_rev_price":""},"_links":{"self":[{"href":"https:\/\/lanebank.com\/sv\/wp-json\/wp\/v2\/pages\/603","targetHints":{"allow":["GET"]}}],"collection":[{"href":"https:\/\/lanebank.com\/sv\/wp-json\/wp\/v2\/pages"}],"about":[{"href":"https:\/\/lanebank.com\/sv\/wp-json\/wp\/v2\/types\/page"}],"author":[{"embeddable":true,"href":"https:\/\/lanebank.com\/sv\/wp-json\/wp\/v2\/users\/1"}],"replies":[{"embeddable":true,"href":"https:\/\/lanebank.com\/sv\/wp-json\/wp\/v2\/comments?post=603"}],"version-history":[{"count":2,"href":"https:\/\/lanebank.com\/sv\/wp-json\/wp\/v2\/pages\/603\/revisions"}],"predecessor-version":[{"id":1579,"href":"https:\/\/lanebank.com\/sv\/wp-json\/wp\/v2\/pages\/603\/revisions\/1579"}],"up":[{"embeddable":true,"href":"https:\/\/lanebank.com\/sv\/wp-json\/wp\/v2\/pages\/640"}],"wp:featuredmedia":[{"embeddable":true,"href":"https:\/\/lanebank.com\/sv\/wp-json\/wp\/v2\/media\/605"}],"wp:attachment":[{"href":"https:\/\/lanebank.com\/sv\/wp-json\/wp\/v2\/media?parent=603"}],"curies":[{"name":"wp","href":"https:\/\/api.w.org\/{rel}","templated":true}]}}