{"id":607,"date":"2015-01-15T22:16:24","date_gmt":"2015-01-15T21:16:24","guid":{"rendered":"https:\/\/lanebank.com\/sv\/?page_id=607"},"modified":"2015-01-19T16:54:02","modified_gmt":"2015-01-19T15:54:02","slug":"f%c3%b6rs%c3%a4kring","status":"publish","type":"page","link":"https:\/\/lanebank.com\/sv\/f%c3%b6rs%c3%a4kring","title":{"rendered":"Skaffa f\u00f6rs\u00e4kring"},"content":{"rendered":"<p>Oftast h\u00e4nder olyckan n\u00e4r man minst anar det. Det g\u00e5r inte att helt undvika miss\u00f6den i livet, men det g\u00e5r att med r\u00e4tt f\u00f6rs\u00e4kring minimera den ekonomiska skadan. D\u00e4rf\u00f6r \u00e4r det otroligt viktigt att se till att skaffa de skydd som beh\u00f6vs redan idag, innan olyckan varit framme. Konsekvenserna av att st\u00e5 utan f\u00f6rs\u00e4kring kan vara \u00f6desdigra.<\/p>\n<h3>I hemmet<\/h3>\n<p>Vilka f\u00f6rs\u00e4kringar du v\u00e4ljer att teckna vara livsavg\u00f6rande. N\u00e5gra skydd som alla b\u00f6r ha \u00e4r en <a href=\"https:\/\/lanebank.com\/sv\/info\/hemforsakring\">hemf\u00f6rs\u00e4kring<\/a> som skyddar dig och din egendom vid inbrott, brand och p\u00e5 resor. D\u00e4rut\u00f6ver kan en livf\u00f6rs\u00e4kring vara ett klokt val, s\u00e4rskilt om du \u00e4r f\u00f6r\u00e4lder eller har stort ekonomiskt ansvar f\u00f6r fler \u00e4n dig sj\u00e4lv.<\/p>\n<h3>P\u00e5 jobbet<\/h3>\n<p>Som anst\u00e4lld har arbetsgivaren viss skyldighet att h\u00e5lla dig f\u00f6rs\u00e4krad. M\u00e5nga arbetsplatser har v\u00e4ldigt bra f\u00f6rs\u00e4kringsvillkor f\u00f6r sina anst\u00e4llda, men inte alla. Det \u00e4r d\u00e4rf\u00f6r viktigt att ta reda p\u00e5 vad som g\u00e4ller f\u00f6r din arbetsplats.<\/p>\n<p>Ut\u00f6ver det grundl\u00e4ggande skyddet som arbetsgivaren och din hemf\u00f6rs\u00e4kring st\u00e5r f\u00f6r, finns det ett par valbara f\u00f6rs\u00e4kringar som m\u00e5nga v\u00e4ljer att teckna. Den vanligaste av dessa \u00e4r a-kassan som ger dig r\u00e4tt till arbetsl\u00f6shetsers\u00e4ttning om du blir arbetsl\u00f6s. Du kan \u00e4ven v\u00e4lja att komplettera a-kassan med en <a href=\"https:\/\/lanebank.com\/sv\/info\/inkomstforsakring\">f\u00f6rs\u00e4kring som ger dig mer av din l\u00f6n<\/a> om du f\u00f6rlorar arbetet. Dessa b\u00e5da f\u00f6rs\u00e4kringar kan du teckna via fackf\u00f6rbund eller sj\u00e4lv direkt genom a-kassan och ett f\u00f6rs\u00e4kringsbolag.<\/p>\n<h3>P\u00e5 resan<\/h3>\n<p>Vi svenskar reser allt mer. D\u00e4rf\u00f6r \u00e4r det ocks\u00e5 allt viktigare att veta vad som g\u00e4ller om n\u00e5got intr\u00e4ffar. I de flesta hemf\u00f6rs\u00e4kringarna ing\u00e5r en resef\u00f6rs\u00e4kring men den har vissa begr\u00e4nsningar. Bland annat g\u00e4ller den bara f\u00f6r korttidsresor, skall du vara borta en l\u00e4ngre tid m\u00e5ste du teckna ytterligare skydd. Innan du reser iv\u00e4g b\u00f6r du d\u00e4rf\u00f6r ta kontakt med f\u00f6rs\u00e4kringsbolaget och kontrollera med dem exakt vad som faktiskt t\u00e4cks via hemf\u00f6rs\u00e4kringen. Du kan \u00e4ven v\u00e4lja att teckna en separat <a href=\"https:\/\/lanebank.com\/sv\/info\/reseforsakring\">resef\u00f6rs\u00e4kring<\/a> f\u00f6r b\u00e4ttre ut\u00f6kat skydd.<\/p>\n<h3>I F\u00f6retag<\/h3>\n<p>Inte f\u00f6rs\u00e4krad och driver du eget f\u00f6retag? Se d\u00e5 till att illa kvickt ta reda p\u00e5 vad det inneb\u00e4r f\u00f6r dig personligen men ocks\u00e5 f\u00f6r din verksamhet. Att st\u00e5 utan en bra ansvarsf\u00f6rs\u00e4kring \u00e4r s\u00e4llan ett klokt val. Den ger n\u00e4mligen ett element\u00e4rt skydd, om du r\u00e5kar \u00e5samka n\u00e5gon av dina kunder direkt eller indirekt skada. Till exempel t\u00e4cker f\u00f6rs\u00e4kringen r\u00e4tteg\u00e5ngskostnaderna och kostnaderna f\u00f6r juridisk v\u00e4gledning i samband med \u00e4rendet.<\/p>\n<p>Om du har ett betydande lager eller v\u00e4ldigt mycket dyr utrustning kan det \u00e4ven vara smart att f\u00f6rs\u00e4kra dessa. M\u00e5nga f\u00f6rs\u00e4kringsbolag erbjuder bra <a href=\"https:\/\/lanebank.com\/sv\/info\/foretagsforsakring\">paketl\u00f6sningar f\u00f6r b\u00e5de mindre och st\u00f6rre f\u00f6retag<\/a>. Men se till att ta flera offerter, det l\u00f6nar sig n\u00e4mligen n\u00e4stan alltid att j\u00e4mf\u00f6ra de olika anbuden och det g\u00e5r naturligtvis \u00e4ven att pruta lite.<\/p>\n<div class=\"ls_container\"><h3 class=\"widget_title\">Artiklar som sorterar under detta \u00e4mne<\/h3><ul class=\"ls_page_list\"><li><a href=\"https:\/\/lanebank.com\/sv\/f%c3%b6rs%c3%a4kring\/lanebetalningsskydd\">L\u00e5nebetalningsskydd<\/a><\/li><\/ul><\/div>\n","protected":false},"excerpt":{"rendered":"<p>Oftast h\u00e4nder olyckan n\u00e4r man minst anar det. Det g\u00e5r inte att helt undvika miss\u00f6den i livet, men det g\u00e5r att med r\u00e4tt f\u00f6rs\u00e4kring minimera den ekonomiska skadan. D\u00e4rf\u00f6r \u00e4r [&hellip;]<\/p>\n","protected":false},"author":1,"featured_media":613,"parent":0,"menu_order":0,"comment_status":"closed","ping_status":"closed","template":"page-nosidebar.php","meta":{"footnotes":""},"class_list":["post-607","page","type-page","status-publish","has-post-thumbnail","hentry","has_thumb"],"wppr_data":{"cwp_meta_box_check":"No","cwp_rev_product_name":"","cwp_rev_price":""},"_links":{"self":[{"href":"https:\/\/lanebank.com\/sv\/wp-json\/wp\/v2\/pages\/607","targetHints":{"allow":["GET"]}}],"collection":[{"href":"https:\/\/lanebank.com\/sv\/wp-json\/wp\/v2\/pages"}],"about":[{"href":"https:\/\/lanebank.com\/sv\/wp-json\/wp\/v2\/types\/page"}],"author":[{"embeddable":true,"href":"https:\/\/lanebank.com\/sv\/wp-json\/wp\/v2\/users\/1"}],"replies":[{"embeddable":true,"href":"https:\/\/lanebank.com\/sv\/wp-json\/wp\/v2\/comments?post=607"}],"version-history":[{"count":6,"href":"https:\/\/lanebank.com\/sv\/wp-json\/wp\/v2\/pages\/607\/revisions"}],"predecessor-version":[{"id":644,"href":"https:\/\/lanebank.com\/sv\/wp-json\/wp\/v2\/pages\/607\/revisions\/644"}],"wp:featuredmedia":[{"embeddable":true,"href":"https:\/\/lanebank.com\/sv\/wp-json\/wp\/v2\/media\/613"}],"wp:attachment":[{"href":"https:\/\/lanebank.com\/sv\/wp-json\/wp\/v2\/media?parent=607"}],"curies":[{"name":"wp","href":"https:\/\/api.w.org\/{rel}","templated":true}]}}