{"id":614,"date":"2015-01-15T23:53:28","date_gmt":"2015-01-15T22:53:28","guid":{"rendered":"https:\/\/lanebank.com\/sv\/?page_id=614"},"modified":"2016-01-15T14:49:36","modified_gmt":"2016-01-15T13:49:36","slug":"kortio","status":"publish","type":"page","link":"https:\/\/lanebank.com\/sv\/kortio","title":{"rendered":"Kortio \u2013 ut\u00f6kad j\u00e4mf\u00f6relse  kreditkort &#038; betalkort"},"content":{"rendered":"<p>Den kostnadsfria j\u00e4mf\u00f6relsetj\u00e4nsten Kortio l\u00e5ter dig j\u00e4mf\u00f6ra b\u00e5de kreditkort och betalkort. St\u00e4ll olika kort mot varandra och se vilket som passar b\u00e4st f\u00f6r resan, shopping, f\u00f6rs\u00e4kring eller f\u00f6r matink\u00f6p.<\/p>\n<p>Med Kortio kan du \u00e4ven se vad du kan f\u00e5 f\u00f6r bonusar och du f\u00e5r hj\u00e4lp att hitta ett kreditkort som passar just dina behov. Anv\u00e4nd den enkla filtreringsfunktionen f\u00f6r att snabbt och enkelt se vilka kort som du kan f\u00e5 baserat p\u00e5 din \u00e5lder och m\u00e5nadsinkomst.<\/p>\n<p>Kortio tillhandah\u00e5ller inga egna kreditkort utan f\u00f6rmedlar enbart j\u00e4mf\u00f6relse. Det kostar dig aldrig n\u00e5got att anv\u00e4nda Kortios tj\u00e4nster.<\/p>\n<p><a class=\"button\" title=\"Kortio\" href=\"\/sv\/till\/kortio\" target=\"_blank\" rel=\"nofollow\">Bes\u00f6k Kortio.se<\/a><\/p>\n","protected":false},"excerpt":{"rendered":"<p>Den kostnadsfria j\u00e4mf\u00f6relsetj\u00e4nsten Kortio l\u00e5ter dig j\u00e4mf\u00f6ra b\u00e5de kreditkort och betalkort. St\u00e4ll olika kort mot varandra och se vilket som passar b\u00e4st f\u00f6r resan, shopping, f\u00f6rs\u00e4kring eller f\u00f6r matink\u00f6p. Med [&hellip;]<\/p>\n","protected":false},"author":1,"featured_media":615,"parent":0,"menu_order":0,"comment_status":"closed","ping_status":"closed","template":"","meta":{"footnotes":""},"class_list":["post-614","page","type-page","status-publish","has-post-thumbnail","hentry","has_thumb"],"wppr_data":{"cwp_meta_box_check":"No","cwp_rev_product_name":"","cwp_rev_price":""},"_links":{"self":[{"href":"https:\/\/lanebank.com\/sv\/wp-json\/wp\/v2\/pages\/614","targetHints":{"allow":["GET"]}}],"collection":[{"href":"https:\/\/lanebank.com\/sv\/wp-json\/wp\/v2\/pages"}],"about":[{"href":"https:\/\/lanebank.com\/sv\/wp-json\/wp\/v2\/types\/page"}],"author":[{"embeddable":true,"href":"https:\/\/lanebank.com\/sv\/wp-json\/wp\/v2\/users\/1"}],"replies":[{"embeddable":true,"href":"https:\/\/lanebank.com\/sv\/wp-json\/wp\/v2\/comments?post=614"}],"version-history":[{"count":1,"href":"https:\/\/lanebank.com\/sv\/wp-json\/wp\/v2\/pages\/614\/revisions"}],"predecessor-version":[{"id":616,"href":"https:\/\/lanebank.com\/sv\/wp-json\/wp\/v2\/pages\/614\/revisions\/616"}],"wp:featuredmedia":[{"embeddable":true,"href":"https:\/\/lanebank.com\/sv\/wp-json\/wp\/v2\/media\/615"}],"wp:attachment":[{"href":"https:\/\/lanebank.com\/sv\/wp-json\/wp\/v2\/media?parent=614"}],"curies":[{"name":"wp","href":"https:\/\/api.w.org\/{rel}","templated":true}]}}