{"id":619,"date":"2015-01-16T14:29:53","date_gmt":"2015-01-16T13:29:53","guid":{"rendered":"https:\/\/lanebank.com\/sv\/?page_id=619"},"modified":"2016-05-05T07:23:53","modified_gmt":"2016-05-05T05:23:53","slug":"hur-mycket-bor-man-spara-i-manaden","status":"publish","type":"page","link":"https:\/\/lanebank.com\/sv\/aktier-fonder-spara-pengar\/hur-mycket-bor-man-spara-i-manaden","title":{"rendered":"Hur mycket b\u00f6r man spara i m\u00e5naden?"},"content":{"rendered":"<p>Att skaffa en ekonomisk buffert \u00e4r viktigt. St\u00f6rre delen av befolkning eller mer exakt n\u00e4rmre 65% av svenskarna m\u00e5nadssparar. Endast 20% lever fr\u00e5n m\u00e5nad till m\u00e5nad helt utan n\u00e5gra besparingar. Studier visar att personer med sparkapital har l\u00e4gre stressniv\u00e5er \u00e4n de som helt saknar sparande.<\/p>\n<div style=\"padding:10px;background-color:#3883E5;color:#2A2A2A;\">\n<p style=\"font-size:160%;\">TIPS: D\u00e5lig sparr\u00e4nta p\u00e5 bankkontot?<\/p>\n<p>Byt till en sparbank som ger b\u00e4ttre \u00e5terb\u00e4ring. <a href=\"https:\/\/lanebank.com\/sv\/sparbank\/viaspar\"><font style=\"color:white\">ViaSpar<\/font><\/a> erbjuder r\u00e4ntesatser p\u00e5 mellan 4-8%. <a href=\"https:\/\/lanebank.com\/sv\/till\/viaspar\" target=\"nofollow\" rel=\"nofollow\"><font style=\"color:white\">Bes\u00f6k hemsidan h\u00e4r<\/font><\/a>.<\/div>\n<h3>S\u00e5 stor del av l\u00f6nen \u00e4r bra att spara<\/h3>\n<p>Hur mycket vi svenskar sparar varje m\u00e5nad skiljer sig mycket \u00e5t men i snitt sparar vi 2 000 kr\/m\u00e5n. Naturligtvis beror summan i f\u00f6rsta hand p\u00e5 hur stor l\u00f6n vi f\u00e5r ut, men \u00e4ven andra faktorer som boendekostnader och eventuella l\u00e5n samt amorteringar p\u00e5 dessa har stor betydelse f\u00f6r storleken p\u00e5 sparandet.<\/p>\n<p>Men det finns trots allt vissa riktlinjer f\u00f6r hur ett sunt sparkapital kan se ut. En grundregel \u00e4r att se till att alltid ha en minimibuffert som motsvarar tv\u00e5 m\u00e5nadsl\u00f6ner. Med en s\u00e5dan buffert g\u00e5r det att hantera de flesta former av of\u00f6rutsedda utgifter och kan \u00e4ven h\u00e5lla hush\u00e5llsekonomin flytande vid pl\u00f6tslig arbetsf\u00f6rlust.<\/p>\n<p>Ut\u00f6ver detta grundl\u00e4ggande sparande \u00e4r det vettigt att f\u00f6rs\u00f6ka s\u00e4tta undan en del ytterligare pengar varje m\u00e5nad. Dessa pengar kan dedikeras olika viktiga \u00e4ndam\u00e5l som bostad, resa eller utg\u00f6ra en del av pensionssparandet.<\/p>\n<h3>B\u00e4ttre att amortera \u00e4n att spara<\/h3>\n<p>Idag \u00e4r det relativt m\u00e5nga svenskar som har ett stort kapitalsparande men samtidigt har stora bol\u00e5n. Anledningen till detta \u00e4r att det under de senaste \u00e5ren l\u00f6nat sig att l\u00e5ta bil att amortera p\u00e5 l\u00e5nen och ist\u00e4llet l\u00e4gga pengarna p\u00e5 aktier, fonder och andra v\u00e4rdepapper. Men p\u00e5 l\u00e4ngre sikt \u00e4r det inte alls s\u00e4kert att denna trend h\u00e5ller i sig, tv\u00e4rtom \u00e4r det sannolikt att r\u00e4nteutvecklingen n\u00e5gon g\u00e5ng blir den omv\u00e4nda, dvs. att r\u00e4ntekostnaden vida \u00f6verstiger avkastningen fr\u00e5n exempelvis aktiesparande. En gott r\u00e5d \u00e4r d\u00e4rf\u00f6r att alltid se till att amortera, snarare \u00e4n att spara pengar med l\u00e5nta pengar som bas.<\/p>\n","protected":false},"excerpt":{"rendered":"<p>Att skaffa en ekonomisk buffert \u00e4r viktigt. St\u00f6rre delen av befolkning eller mer exakt n\u00e4rmre 65% av svenskarna m\u00e5nadssparar. Endast 20% lever fr\u00e5n m\u00e5nad till m\u00e5nad helt utan n\u00e5gra besparingar. [&hellip;]<\/p>\n","protected":false},"author":1,"featured_media":620,"parent":622,"menu_order":0,"comment_status":"closed","ping_status":"closed","template":"","meta":{"footnotes":""},"class_list":["post-619","page","type-page","status-publish","has-post-thumbnail","hentry","has_thumb"],"wppr_data":{"cwp_meta_box_check":"No","cwp_rev_product_name":"","cwp_rev_price":""},"_links":{"self":[{"href":"https:\/\/lanebank.com\/sv\/wp-json\/wp\/v2\/pages\/619","targetHints":{"allow":["GET"]}}],"collection":[{"href":"https:\/\/lanebank.com\/sv\/wp-json\/wp\/v2\/pages"}],"about":[{"href":"https:\/\/lanebank.com\/sv\/wp-json\/wp\/v2\/types\/page"}],"author":[{"embeddable":true,"href":"https:\/\/lanebank.com\/sv\/wp-json\/wp\/v2\/users\/1"}],"replies":[{"embeddable":true,"href":"https:\/\/lanebank.com\/sv\/wp-json\/wp\/v2\/comments?post=619"}],"version-history":[{"count":11,"href":"https:\/\/lanebank.com\/sv\/wp-json\/wp\/v2\/pages\/619\/revisions"}],"predecessor-version":[{"id":1029,"href":"https:\/\/lanebank.com\/sv\/wp-json\/wp\/v2\/pages\/619\/revisions\/1029"}],"up":[{"embeddable":true,"href":"https:\/\/lanebank.com\/sv\/wp-json\/wp\/v2\/pages\/622"}],"wp:featuredmedia":[{"embeddable":true,"href":"https:\/\/lanebank.com\/sv\/wp-json\/wp\/v2\/media\/620"}],"wp:attachment":[{"href":"https:\/\/lanebank.com\/sv\/wp-json\/wp\/v2\/media?parent=619"}],"curies":[{"name":"wp","href":"https:\/\/api.w.org\/{rel}","templated":true}]}}