{"id":622,"date":"2015-01-16T17:12:01","date_gmt":"2015-01-16T16:12:01","guid":{"rendered":"https:\/\/lanebank.com\/sv\/?page_id=622"},"modified":"2017-02-24T15:44:03","modified_gmt":"2017-02-24T14:44:03","slug":"aktier-fonder-spara-pengar","status":"publish","type":"page","link":"https:\/\/lanebank.com\/sv\/aktier-fonder-spara-pengar","title":{"rendered":"K\u00f6pa aktier, fonder eller spara pengar p\u00e5 banken?"},"content":{"rendered":"<p>Sparm\u00f6jligheterna \u00e4r fler \u00e4n n\u00e5gonsin tidigare, men riskerna \u00e4r ocks\u00e5 m\u00e5nga g\u00e5nger st\u00f6rre idag \u00e4n vad de var f\u00f6rr. En anledning till denna f\u00f6r\u00e4ndring \u00e4r att det vanliga traditionella sparandet hos banken inte l\u00e4ngre ger n\u00e5gon betydande r\u00e4nta. I m\u00e5nga fall har man helt plockat bort r\u00e4nta f\u00f6r sparkonton eller helt enkelt s\u00e4nkt den till s\u00e5 l\u00e5ga niv\u00e5er att det knappt \u00e4r l\u00f6nsamt f\u00f6r bankkunder att s\u00e4tta in pengar p\u00e5 banken.<\/p>\n<h3>K\u00f6pa aktier<\/h3>\n<p>2000-talet \u00e4r \u00e5rtusendet d\u00e5 aktiesparande blev vanligt inom alla samh\u00e4llsklasser och grupperingar. Inte ens den finansiella krisen har kunnat stoppa allm\u00e4nhetens intresset f\u00f6r aktier. Samtidigt har b\u00f6rsen blivit mer tillg\u00e4nglig i och med internets framv\u00e4xt och digitaliseringen. Numera kan du enkelt sk\u00f6ta dina aktiek\u00f6p via laptopen, surfplattan eller den smarta telefonen.<\/p>\n<p>F\u00f6rdelar med aktier:<\/p>\n<ul>\n<li>Chans till god avkastning.<\/li>\n<li>Du v\u00e4ljer sj\u00e4lv vilka bolag du vill investera i.<\/li>\n<li>Sparar du i en inkomstf\u00f6rs\u00e4kring \u00e4r skatten mycket l\u00e5g.<\/li>\n<\/ul>\n<p>Nackdelar med aktier:<\/p>\n<ul>\n<li>St\u00f6rre risk om du v\u00e4ljer att investera i endast ett f\u00e5tal bolag.<\/li>\n<li>Tidskr\u00e4vande om du vill h\u00e5lla kolla p\u00e5 kapitalutvecklingen.<\/li>\n<li><a href=\"https:\/\/lanebank.com\/sv\/info\/aktiemaklare\">Kostnad f\u00f6r courtage hos aktiem\u00e4klare<\/a> tillkommer.<\/li>\n<\/ul>\n<h3>Spara i fonder<\/h3>\n<p>Inom buddhismen brukar man tala om &#8220;den gyllene medelv\u00e4gen&#8221;, kanske \u00e4r det just vad fonder \u00e4r n\u00e4r det kommer till sparande. Ett fondsparande ger dig n\u00e4mligen b\u00e5de m\u00f6jlighet till god avkastning samtidigt som risken sprids p\u00e5 ett bra vis. Det finns ett antal olika typer av fonder vilka alla har olika styrkor och svagheter.<\/p>\n<p>En <strong>aktiefond<\/strong> \u00e4r en sammansatt fond som best\u00e5r utav ett antal aktier. Generellt brukar man s\u00e4ga att denna typ av fond har b\u00e5de st\u00f6rst upp- och nedsida. Du kan sj\u00e4lv v\u00e4lja riskniv\u00e5n f\u00f6r din investering.<\/p>\n<p><strong>Blandfonder<\/strong> ger det b\u00e4sta av tv\u00e5 v\u00e4rldar, d\u00e5 den kombinerar r\u00e4ntesparande med aktieinvestering.<\/p>\n<p><strong>R\u00e4ntefonder<\/strong> f\u00f6ljer marknadens utveckling och tanken \u00e4r att den \u00f6ver tid skall ge sparat kapital en j\u00e4mn och stadig tillv\u00e4xt.<\/p>\n<p>F\u00f6rdelar med fonder:<\/p>\n<ul>\n<li>Chans till god avkastning men mindre risk \u00e4n aktier.<\/li>\n<li>M\u00f6jlighet att v\u00e4lja bolag som f\u00f6ljer dina etiska v\u00e4rden.<\/li>\n<li>Sparar du i en kapitalf\u00f6rs\u00e4kring \u00e4r skatten mycket l\u00e5g.<\/li>\n<li>Du slipper l\u00e4gga tid p\u00e5 f\u00f6rvaltning.<\/li>\n<\/ul>\n<p>Nackdelar med aktier:<\/p>\n<ul>\n<li>Risk att f\u00f6rlora kapital om marknaden visar negativ utveckling.<\/li>\n<li>Kostnad f\u00f6r f\u00f6rvaltningskostnader kan tillkomma.<\/li>\n<\/ul>\n<h3>\u00d6ppna sparkonto<\/h3>\n<p>Den klassiska formen av banksparande med sparkonto, \u00e4r fullst\u00e4ndigt riskfritt men oftast med mycket beskedlig avkastning. Vill man f\u00e5 en avkastning som \u00f6verstiger det normala inflationsm\u00e5let f\u00e5r man r\u00e4kna med att l\u00e5sa sina pengar under ett antal \u00e5r. Det finns \u00e4ven ett antal h\u00f6gr\u00e4ntekonton som ger b\u00e4ttre avkastning och upp till med upp till 10% r\u00e4nta. Dock \u00e4r det viktigt att komma ih\u00e5g att inte <a href=\"https:\/\/lanebank.com\/sv\/info\/sparkonto\">alla sparkonton<\/a> omfattas av den statliga ins\u00e4ttningsgarantin.<\/p>\n<p>F\u00f6rdelar med sparkonto:<\/p>\n<ul>\n<li>Tryggt sparande.<\/li>\n<li>Du kan i f\u00f6rv\u00e4g r\u00e4kna ut din avkastning.<\/li>\n<li>Du slipper l\u00e4gga tid p\u00e5 f\u00f6rvaltning.<\/li>\n<li>Omfattas ofta av den statliga ins\u00e4ttningsgarantin.<\/li>\n<\/ul>\n<p>Nackdelar med sparkonto:<\/p>\n<ul>\n<li>Ofta mycket l\u00e5g sparr\u00e4nta.<\/li>\n<li>M\u00e5ste binda pengarna f\u00f6r att f\u00e5 acceptabel avkastning.<\/li>\n<li>H\u00f6gr\u00e4ntekonton omfattas inte alltid av den statliga ins\u00e4ttningsgarantin.<\/li>\n<\/ul>\n<div class=\"ls_container\"><h3 class=\"widget_title\">Mer om detta \u00e4mne<\/h3><ul class=\"ls_page_list\"><li><a href=\"https:\/\/lanebank.com\/sv\/aktier-fonder-spara-pengar\/vart-att-ta-studielan-eller-inte\">V\u00e4rt att ta studiel\u00e5n eller inte?<\/a><\/li><li><a href=\"https:\/\/lanebank.com\/sv\/aktier-fonder-spara-pengar\/hur-mycket-bor-man-spara-i-manaden\">Hur mycket b\u00f6r man spara i m\u00e5naden?<\/a><\/li><li><a href=\"https:\/\/lanebank.com\/sv\/aktier-fonder-spara-pengar\/lar-dig-handskas-med-pengar\">L\u00e4r dig handskas med pengar s\u00e5 att du slipper \u00e5ngest<\/a><\/li><\/ul><\/div>\n","protected":false},"excerpt":{"rendered":"<p>Sparm\u00f6jligheterna \u00e4r fler \u00e4n n\u00e5gonsin tidigare, men riskerna \u00e4r ocks\u00e5 m\u00e5nga g\u00e5nger st\u00f6rre idag \u00e4n vad de var f\u00f6rr. En anledning till denna f\u00f6r\u00e4ndring \u00e4r att det vanliga traditionella sparandet [&hellip;]<\/p>\n","protected":false},"author":1,"featured_media":623,"parent":0,"menu_order":0,"comment_status":"closed","ping_status":"closed","template":"page-nosidebar.php","meta":{"footnotes":""},"class_list":["post-622","page","type-page","status-publish","has-post-thumbnail","hentry","has_thumb"],"wppr_data":{"cwp_meta_box_check":"No","cwp_rev_product_name":"","cwp_rev_price":""},"_links":{"self":[{"href":"https:\/\/lanebank.com\/sv\/wp-json\/wp\/v2\/pages\/622","targetHints":{"allow":["GET"]}}],"collection":[{"href":"https:\/\/lanebank.com\/sv\/wp-json\/wp\/v2\/pages"}],"about":[{"href":"https:\/\/lanebank.com\/sv\/wp-json\/wp\/v2\/types\/page"}],"author":[{"embeddable":true,"href":"https:\/\/lanebank.com\/sv\/wp-json\/wp\/v2\/users\/1"}],"replies":[{"embeddable":true,"href":"https:\/\/lanebank.com\/sv\/wp-json\/wp\/v2\/comments?post=622"}],"version-history":[{"count":4,"href":"https:\/\/lanebank.com\/sv\/wp-json\/wp\/v2\/pages\/622\/revisions"}],"predecessor-version":[{"id":1131,"href":"https:\/\/lanebank.com\/sv\/wp-json\/wp\/v2\/pages\/622\/revisions\/1131"}],"wp:featuredmedia":[{"embeddable":true,"href":"https:\/\/lanebank.com\/sv\/wp-json\/wp\/v2\/media\/623"}],"wp:attachment":[{"href":"https:\/\/lanebank.com\/sv\/wp-json\/wp\/v2\/media?parent=622"}],"curies":[{"name":"wp","href":"https:\/\/api.w.org\/{rel}","templated":true}]}}