{"id":627,"date":"2015-01-17T14:08:42","date_gmt":"2015-01-17T13:08:42","guid":{"rendered":"https:\/\/lanebank.com\/sv\/?page_id=627"},"modified":"2015-01-18T20:20:08","modified_gmt":"2015-01-18T19:20:08","slug":"alla-clearingnummer","status":"publish","type":"page","link":"https:\/\/lanebank.com\/sv\/sakra\/alla-clearingnummer","title":{"rendered":"Alla clearingnummer"},"content":{"rendered":"<p>Clearingnummer \u00e4r sifferserier p\u00e5 fyra eller fem som anv\u00e4nds f\u00f6r identifikation av en viss svensk bankplats. Denna sifferserie anv\u00e4nds bland annat i samband med \u00f6verf\u00f6ringar mellan olika bankkonton f\u00f6r att pengar med s\u00e4kerhet skall f\u00f6ras \u00f6ver till r\u00e4tt konto. Nedan \u00e5terfinns clearingnummer fr\u00e5n Sveriges banker.<\/p>\n","protected":false},"excerpt":{"rendered":"<p>Clearingnummer \u00e4r sifferserier p\u00e5 fyra eller fem som anv\u00e4nds f\u00f6r identifikation av en viss svensk bankplats. Denna sifferserie anv\u00e4nds bland annat i samband med \u00f6verf\u00f6ringar mellan olika bankkonton f\u00f6r att [&hellip;]<\/p>\n","protected":false},"author":1,"featured_media":626,"parent":6,"menu_order":0,"comment_status":"closed","ping_status":"closed","template":"","meta":{"footnotes":""},"class_list":["post-627","page","type-page","status-publish","has-post-thumbnail","hentry","has_thumb"],"wppr_data":{"cwp_meta_box_check":"No","cwp_rev_product_name":"","cwp_rev_price":""},"_links":{"self":[{"href":"https:\/\/lanebank.com\/sv\/wp-json\/wp\/v2\/pages\/627","targetHints":{"allow":["GET"]}}],"collection":[{"href":"https:\/\/lanebank.com\/sv\/wp-json\/wp\/v2\/pages"}],"about":[{"href":"https:\/\/lanebank.com\/sv\/wp-json\/wp\/v2\/types\/page"}],"author":[{"embeddable":true,"href":"https:\/\/lanebank.com\/sv\/wp-json\/wp\/v2\/users\/1"}],"replies":[{"embeddable":true,"href":"https:\/\/lanebank.com\/sv\/wp-json\/wp\/v2\/comments?post=627"}],"version-history":[{"count":1,"href":"https:\/\/lanebank.com\/sv\/wp-json\/wp\/v2\/pages\/627\/revisions"}],"predecessor-version":[{"id":628,"href":"https:\/\/lanebank.com\/sv\/wp-json\/wp\/v2\/pages\/627\/revisions\/628"}],"up":[{"embeddable":true,"href":"https:\/\/lanebank.com\/sv\/wp-json\/wp\/v2\/pages\/6"}],"wp:featuredmedia":[{"embeddable":true,"href":"https:\/\/lanebank.com\/sv\/wp-json\/wp\/v2\/media\/626"}],"wp:attachment":[{"href":"https:\/\/lanebank.com\/sv\/wp-json\/wp\/v2\/media?parent=627"}],"curies":[{"name":"wp","href":"https:\/\/api.w.org\/{rel}","templated":true}]}}