{"id":632,"date":"2015-01-17T15:16:13","date_gmt":"2015-01-17T14:16:13","guid":{"rendered":"https:\/\/lanebank.com\/sv\/?page_id=632"},"modified":"2017-03-17T18:32:20","modified_gmt":"2017-03-17T17:32:20","slug":"lanebetalningsskydd","status":"publish","type":"page","link":"https:\/\/lanebank.com\/sv\/f%c3%b6rs%c3%a4kring\/lanebetalningsskydd","title":{"rendered":"L\u00e5nebetalningsskydd"},"content":{"rendered":"<p>Ett l\u00e5nebetalningsskydd, oftast namngivet i kortformen l\u00e5neskydd,\u00a0 \u00e4r en f\u00f6rs\u00e4kring som tecknas vid l\u00e5n. Skyddet befriar l\u00e5ntagaren fr\u00e5n \u00e5terbetalningskravet vid f\u00f6rlorat arbete, utredd arbetsof\u00f6rm\u00e5ga, v\u00e5rd av allvarligt sjukt bara eller n\u00e4ra anh\u00f6rig.\u00a0 H\u00e4r hittar du kortfattad information samt uppgifter om kostnad f\u00f6r l\u00e5neskydd hos ett flertal olika banker och mindre kreditgivare:<\/p>\n","protected":false},"excerpt":{"rendered":"<p>Ett l\u00e5nebetalningsskydd, oftast namngivet i kortformen l\u00e5neskydd,\u00a0 \u00e4r en f\u00f6rs\u00e4kring som tecknas vid l\u00e5n. Skyddet befriar l\u00e5ntagaren fr\u00e5n \u00e5terbetalningskravet vid f\u00f6rlorat arbete, utredd arbetsof\u00f6rm\u00e5ga, v\u00e5rd av allvarligt sjukt bara eller [&hellip;]<\/p>\n","protected":false},"author":1,"featured_media":633,"parent":607,"menu_order":0,"comment_status":"closed","ping_status":"closed","template":"","meta":{"footnotes":""},"class_list":["post-632","page","type-page","status-publish","has-post-thumbnail","hentry","has_thumb"],"wppr_data":{"cwp_meta_box_check":"No","cwp_rev_product_name":"","cwp_rev_price":""},"_links":{"self":[{"href":"https:\/\/lanebank.com\/sv\/wp-json\/wp\/v2\/pages\/632","targetHints":{"allow":["GET"]}}],"collection":[{"href":"https:\/\/lanebank.com\/sv\/wp-json\/wp\/v2\/pages"}],"about":[{"href":"https:\/\/lanebank.com\/sv\/wp-json\/wp\/v2\/types\/page"}],"author":[{"embeddable":true,"href":"https:\/\/lanebank.com\/sv\/wp-json\/wp\/v2\/users\/1"}],"replies":[{"embeddable":true,"href":"https:\/\/lanebank.com\/sv\/wp-json\/wp\/v2\/comments?post=632"}],"version-history":[{"count":3,"href":"https:\/\/lanebank.com\/sv\/wp-json\/wp\/v2\/pages\/632\/revisions"}],"predecessor-version":[{"id":1159,"href":"https:\/\/lanebank.com\/sv\/wp-json\/wp\/v2\/pages\/632\/revisions\/1159"}],"up":[{"embeddable":true,"href":"https:\/\/lanebank.com\/sv\/wp-json\/wp\/v2\/pages\/607"}],"wp:featuredmedia":[{"embeddable":true,"href":"https:\/\/lanebank.com\/sv\/wp-json\/wp\/v2\/media\/633"}],"wp:attachment":[{"href":"https:\/\/lanebank.com\/sv\/wp-json\/wp\/v2\/media?parent=632"}],"curies":[{"name":"wp","href":"https:\/\/api.w.org\/{rel}","templated":true}]}}