{"id":635,"date":"2015-01-17T15:47:07","date_gmt":"2015-01-17T14:47:07","guid":{"rendered":"https:\/\/lanebank.com\/sv\/?page_id=635"},"modified":"2015-01-18T20:21:57","modified_gmt":"2015-01-18T19:21:57","slug":"elektronisk-legitimation-signera-lan-med-bankid","status":"publish","type":"page","link":"https:\/\/lanebank.com\/sv\/sakra\/elektronisk-legitimation-signera-lan-med-bankid","title":{"rendered":"Elektronisk legitimation &#8211; signera l\u00e5n med BankID"},"content":{"rendered":"<p>Sedan b\u00f6rjan p\u00e5 2000-talet finns det i Sverige m\u00f6jlighet att skaffa e-legitimation f\u00f6r anv\u00e4ndning p\u00e5 internet. E-legitimationen g\u00f6r det m\u00f6jligt att bekr\u00e4fta din identitet vid inloggningar till exempelvis internetbank och skatteverket och kan \u00e4ven anv\u00e4ndas f\u00f6r att signera l\u00e5n, avtal och transaktioner.<\/p>\n<p>i Sverige har \u00e5tminstone 5 miljoner privatpersoner[1] BankID, vilket g\u00f6r den till den i s\u00e4rklass vanligaste formen av e-legitimation. Det finns i dagsl\u00e4get tre olika m\u00f6jligheter till BankID:<\/p>\n<p>Bank-ID p\u00e5 fil: Detta system lanserades 2003 och inneb\u00e4r att kunden laddar ner en unik krypterad fil som sedan kan k\u00f6ras lokalt genom en mjukvara i datorn. En kritik mot Bank-ID p\u00e5 fil \u00e4r att filen kan flyttas fr\u00e5n en dator till en annan, vilket inneb\u00e4r en viss s\u00e4kerhetsrisk.<\/p>\n<p>Bank-ID p\u00e5 kort: Till skillnad fr\u00e5n filsystemet \u00e4r Bank-ID p\u00e5 kort ett h\u00e5rt certifikat som kan liknas vid ett vanligt kreditkort med chip.<\/p>\n<p>Mobilt BankID lanserades 2011 och \u00e4r den e-legitimationsform som \u00f6kat kraftigast det senaste \u00e5ret 2014. BankID kopplas h\u00e4r samman med en app i mobilen eller surfplattan.<\/p>\n<p><strong>Hos f\u00f6ljande bolag kan du l\u00e5na pengar med BankID<\/strong>:<\/p>\n","protected":false},"excerpt":{"rendered":"<p>Sedan b\u00f6rjan p\u00e5 2000-talet finns det i Sverige m\u00f6jlighet att skaffa e-legitimation f\u00f6r anv\u00e4ndning p\u00e5 internet. E-legitimationen g\u00f6r det m\u00f6jligt att bekr\u00e4fta din identitet vid inloggningar till exempelvis internetbank och [&hellip;]<\/p>\n","protected":false},"author":1,"featured_media":636,"parent":6,"menu_order":0,"comment_status":"open","ping_status":"closed","template":"","meta":{"footnotes":""},"class_list":["post-635","page","type-page","status-publish","has-post-thumbnail","hentry","has_thumb"],"wppr_data":{"cwp_meta_box_check":"No","cwp_rev_product_name":"","cwp_rev_price":""},"_links":{"self":[{"href":"https:\/\/lanebank.com\/sv\/wp-json\/wp\/v2\/pages\/635","targetHints":{"allow":["GET"]}}],"collection":[{"href":"https:\/\/lanebank.com\/sv\/wp-json\/wp\/v2\/pages"}],"about":[{"href":"https:\/\/lanebank.com\/sv\/wp-json\/wp\/v2\/types\/page"}],"author":[{"embeddable":true,"href":"https:\/\/lanebank.com\/sv\/wp-json\/wp\/v2\/users\/1"}],"replies":[{"embeddable":true,"href":"https:\/\/lanebank.com\/sv\/wp-json\/wp\/v2\/comments?post=635"}],"version-history":[{"count":1,"href":"https:\/\/lanebank.com\/sv\/wp-json\/wp\/v2\/pages\/635\/revisions"}],"predecessor-version":[{"id":637,"href":"https:\/\/lanebank.com\/sv\/wp-json\/wp\/v2\/pages\/635\/revisions\/637"}],"up":[{"embeddable":true,"href":"https:\/\/lanebank.com\/sv\/wp-json\/wp\/v2\/pages\/6"}],"wp:featuredmedia":[{"embeddable":true,"href":"https:\/\/lanebank.com\/sv\/wp-json\/wp\/v2\/media\/636"}],"wp:attachment":[{"href":"https:\/\/lanebank.com\/sv\/wp-json\/wp\/v2\/media?parent=635"}],"curies":[{"name":"wp","href":"https:\/\/api.w.org\/{rel}","templated":true}]}}