{"id":640,"date":"2015-01-18T20:35:42","date_gmt":"2015-01-18T19:35:42","guid":{"rendered":"https:\/\/lanebank.com\/sv\/?page_id=640"},"modified":"2017-05-10T09:38:11","modified_gmt":"2017-05-10T07:38:11","slug":"kreditprovning","status":"publish","type":"page","link":"https:\/\/lanebank.com\/sv\/kreditprovning","title":{"rendered":"Kreditpr\u00f6vning"},"content":{"rendered":"<p>Innan du blir godk\u00e4nd att l\u00e5na pengar kommer din ekonomi att bed\u00f6mas. N\u00e5gra saker som d\u00e5 kontrolleras \u00e4r din taxerade inkomst, dina tillg\u00e5ngar och eventuella skulder. Det \u00e5ligger \u00e4ven l\u00e5ngivare att kontrollera \u00e5terbetalningsf\u00f6rm\u00e5ga innan ett l\u00e5n kan beviljas. Denna process kallas kreditupplysning eller kreditpr\u00f6vning.<\/p>\n<p>I Sverige finns ett antal kreditupplysningsf\u00f6retag dit banker och andra bolag kan v\u00e4nda sig innan avtal ing\u00e5s med en kund. Alla st\u00f6rre kreditupplysningsf\u00f6retag har egna dataregister med information om i princip alla personer i Sverige \u00f6ver 15 \u00e5r. F\u00f6ljande uppgifter lagras automatiskt i denna databas:<\/p>\n<ul>\n<li>Identitetsuppgifter, dvs. namn, personnummer och adress.<\/li>\n<li>Inkomst samt eventuellt fastighetsinnehav.<\/li>\n<li>Betalningsanm\u00e4rkning och eventuellt skuldsaldo hos Kronofogden.<\/li>\n<\/ul>\n<h3>Varf\u00f6r g\u00f6rs en kreditpr\u00f6vning?<\/h3>\n<p>Kreditupplysningen ligger till grund f\u00f6r bankens bed\u00f6mning av kundens \u00e5terbetalningsf\u00f6rm\u00e5ga. Alla l\u00e5ngivare \u00e4r i enlighet med svensk lag tvungna att kontrollera l\u00e5ntagarens finansiella f\u00f6ruts\u00e4ttningar. Detta g\u00f6rs f\u00f6r att undvika on\u00f6dig skulds\u00e4ttning och l\u00e5ngivaren m\u00e5ste l\u00e5na ut pengar ansvarsfullt. Om banken bed\u00f6mer att en kund inte kommer klara av att betala tillbaka pengarna inom de uppsatta tidsramarna, skall l\u00e5neans\u00f6kan nekas.<\/p>\n<h3>Vad visar en kreditupplysning<\/h3>\n<p>I Sverige anv\u00e4nder merparten av alla st\u00f6rre f\u00f6retag och banker sig av <a href=\"https:\/\/lanebank.com\/sv\/forsakringsbolag\/uc\">Upplysningscentralen<\/a>, f\u00f6rkortat UC. Kreditpr\u00f6vningen ger banken tillg\u00e5ng till samtliga identitetsuppgifter samt uppgifter om inkomster och fastigheter. Kreditupplysningen ger \u00e4ven information om betalningsanm\u00e4rkningar och ev. skulder men <a href=\"https:\/\/lanebank.com\/sv\/finansbranschen\/kreditupplysningsforetag\">kreditupplysningsf\u00f6retagen<\/a> har endast r\u00e4tt att delge vissa utvalda uppgifter.<\/p>\n<p>N\u00e4r det g\u00f6rs en kreditupplysning hos UC registreras \u00e4ven sj\u00e4lva ans\u00f6kan och kommer s\u00e5ldes att synas n\u00e4sta g\u00e5ng ett f\u00f6retag g\u00f6r en uppslagning p\u00e5 ditt namn. Att ha ett onaturligt stort antal uppslagningar kan p\u00e5verka din kreditv\u00e4rdighet negativt, se d\u00e4rf\u00f6r till att inte uppr\u00e4tta l\u00e5neans\u00f6kningar i on\u00f6dan. Ett knep f\u00f6r att kringg\u00e5 detta \u00e4r att ta hj\u00e4lp av en l\u00e5nef\u00f6rmedlare, d\u00e5 g\u00f6rs endast en uppslagning samtidigt som det blir enkelt att j\u00e4mf\u00f6ra kostnaderna f\u00f6r olika l\u00e5n med varandra.<\/p>\n<div class=\"ls_container\"><h3 class=\"widget_title\">Kanske intresserar \u00e4ven dessa \u00e4mnen dig?<\/h3><ul class=\"ls_page_list\"><li><a href=\"https:\/\/lanebank.com\/sv\/kreditprovning\/lana-pengar-snabbt-utan-uc\">L\u00e5na pengar snabbt utan UC<\/a><\/li><li><a href=\"https:\/\/lanebank.com\/sv\/kreditprovning\/korttidslan-bet-anm\">Korttidsl\u00e5n med betalningsanm\u00e4rkning<\/a><\/li><li><a href=\"https:\/\/lanebank.com\/sv\/kreditprovning\/utan-fast-anstallning\">Blancol\u00e5n utan fast anst\u00e4llning<\/a><\/li><\/ul><\/div>\n","protected":false},"excerpt":{"rendered":"<p>Innan du blir godk\u00e4nd att l\u00e5na pengar kommer din ekonomi att bed\u00f6mas. N\u00e5gra saker som d\u00e5 kontrolleras \u00e4r din taxerade inkomst, dina tillg\u00e5ngar och eventuella skulder. Det \u00e5ligger \u00e4ven l\u00e5ngivare [&hellip;]<\/p>\n","protected":false},"author":1,"featured_media":646,"parent":0,"menu_order":0,"comment_status":"closed","ping_status":"closed","template":"page-nosidebar.php","meta":{"footnotes":""},"class_list":["post-640","page","type-page","status-publish","has-post-thumbnail","hentry","has_thumb"],"wppr_data":{"cwp_meta_box_check":"No","cwp_rev_product_name":"","cwp_rev_price":""},"_links":{"self":[{"href":"https:\/\/lanebank.com\/sv\/wp-json\/wp\/v2\/pages\/640","targetHints":{"allow":["GET"]}}],"collection":[{"href":"https:\/\/lanebank.com\/sv\/wp-json\/wp\/v2\/pages"}],"about":[{"href":"https:\/\/lanebank.com\/sv\/wp-json\/wp\/v2\/types\/page"}],"author":[{"embeddable":true,"href":"https:\/\/lanebank.com\/sv\/wp-json\/wp\/v2\/users\/1"}],"replies":[{"embeddable":true,"href":"https:\/\/lanebank.com\/sv\/wp-json\/wp\/v2\/comments?post=640"}],"version-history":[{"count":6,"href":"https:\/\/lanebank.com\/sv\/wp-json\/wp\/v2\/pages\/640\/revisions"}],"predecessor-version":[{"id":1260,"href":"https:\/\/lanebank.com\/sv\/wp-json\/wp\/v2\/pages\/640\/revisions\/1260"}],"wp:featuredmedia":[{"embeddable":true,"href":"https:\/\/lanebank.com\/sv\/wp-json\/wp\/v2\/media\/646"}],"wp:attachment":[{"href":"https:\/\/lanebank.com\/sv\/wp-json\/wp\/v2\/media?parent=640"}],"curies":[{"name":"wp","href":"https:\/\/api.w.org\/{rel}","templated":true}]}}