{"id":661,"date":"2015-01-19T20:34:59","date_gmt":"2015-01-19T19:34:59","guid":{"rendered":"https:\/\/lanebank.com\/sv\/?page_id=661"},"modified":"2015-01-19T20:34:59","modified_gmt":"2015-01-19T19:34:59","slug":"sa-fungerar-byggnadskreditiv","status":"publish","type":"page","link":"https:\/\/lanebank.com\/sv\/sa-fungerar-byggnadskreditiv","title":{"rendered":"S\u00e5 fungerar byggnadskreditiv"},"content":{"rendered":"<p>Byggnadskreditiv \u00e4r ett l\u00e5n som f\u00f6rekommer vid nybyggnation och i vissa fall vid utbyggnad av befintligt boende. Pengarna fr\u00e5n l\u00e5net g\u00e5r till att finansiera byggkostnaderna d\u00e5 det \u00e4nnu inte finns n\u00e5gon f\u00e4rdig byggnad att ha som s\u00e4kerhet. F\u00f6r att du som kund skall slippa att dras med dubbla r\u00e4ntekostnader inkluderas byggnadskreditivet i totalkostnaden f\u00f6r husbygget.<\/p>\n<p>Det inneb\u00e4r att byggnadskreditivet i praktiken ofta betalas genom bostadsl\u00e5n och insats.<\/p>\n<p>F\u00f6r att omvandla ett kreditiv till bottenl\u00e5n ett fastighetsbevis fr\u00e5n kommunen, om en s\u00e5dan f\u00f6r\u00e4ndring sker belastas fastigheten med pantbrev av typen bottenpantbrev.<\/p>\n<p><strong><em>Vad \u00e4r pantbrev?<\/em><\/strong><\/p>\n<p>Pantbrev \u00e4r ett juridiskt bindande avtal som ofta anv\u00e4nds som s\u00e4kerhet vid st\u00f6rre l\u00e5n till bost\u00e4der och fastigheter.<\/p>\n","protected":false},"excerpt":{"rendered":"<p>Byggnadskreditiv \u00e4r ett l\u00e5n som f\u00f6rekommer vid nybyggnation och i vissa fall vid utbyggnad av befintligt boende. Pengarna fr\u00e5n l\u00e5net g\u00e5r till att finansiera byggkostnaderna d\u00e5 det \u00e4nnu inte finns [&hellip;]<\/p>\n","protected":false},"author":1,"featured_media":662,"parent":0,"menu_order":0,"comment_status":"open","ping_status":"open","template":"page-nosidebar.php","meta":{"footnotes":""},"class_list":["post-661","page","type-page","status-publish","has-post-thumbnail","hentry","has_thumb"],"wppr_data":{"cwp_meta_box_check":"No","cwp_rev_product_name":"","cwp_rev_price":""},"_links":{"self":[{"href":"https:\/\/lanebank.com\/sv\/wp-json\/wp\/v2\/pages\/661","targetHints":{"allow":["GET"]}}],"collection":[{"href":"https:\/\/lanebank.com\/sv\/wp-json\/wp\/v2\/pages"}],"about":[{"href":"https:\/\/lanebank.com\/sv\/wp-json\/wp\/v2\/types\/page"}],"author":[{"embeddable":true,"href":"https:\/\/lanebank.com\/sv\/wp-json\/wp\/v2\/users\/1"}],"replies":[{"embeddable":true,"href":"https:\/\/lanebank.com\/sv\/wp-json\/wp\/v2\/comments?post=661"}],"version-history":[{"count":1,"href":"https:\/\/lanebank.com\/sv\/wp-json\/wp\/v2\/pages\/661\/revisions"}],"predecessor-version":[{"id":663,"href":"https:\/\/lanebank.com\/sv\/wp-json\/wp\/v2\/pages\/661\/revisions\/663"}],"wp:featuredmedia":[{"embeddable":true,"href":"https:\/\/lanebank.com\/sv\/wp-json\/wp\/v2\/media\/662"}],"wp:attachment":[{"href":"https:\/\/lanebank.com\/sv\/wp-json\/wp\/v2\/media?parent=661"}],"curies":[{"name":"wp","href":"https:\/\/api.w.org\/{rel}","templated":true}]}}