{"id":676,"date":"2015-02-12T21:47:15","date_gmt":"2015-02-12T20:47:15","guid":{"rendered":"https:\/\/lanebank.com\/sv\/?page_id=676"},"modified":"2015-02-13T09:34:16","modified_gmt":"2015-02-13T08:34:16","slug":"fredriks-pengar","status":"publish","type":"page","link":"https:\/\/lanebank.com\/sv\/fredriks-pengar","title":{"rendered":"Fredriks Pengar"},"content":{"rendered":"<p>Fredriks pengar \u00e4r en frist\u00e5ende del av L\u00e5nebank \u00e4r d\u00e4r jag skriver personliga tankar och reflektioner om pengar, f\u00f6retagande och arbete.<\/p>\n","protected":false},"excerpt":{"rendered":"<p>Fredriks pengar \u00e4r en frist\u00e5ende del av L\u00e5nebank \u00e4r d\u00e4r jag skriver personliga tankar och reflektioner om pengar, f\u00f6retagande och arbete.<\/p>\n","protected":false},"author":1,"featured_media":684,"parent":0,"menu_order":0,"comment_status":"closed","ping_status":"closed","template":"","meta":{"footnotes":""},"class_list":["post-676","page","type-page","status-publish","has-post-thumbnail","hentry","has_thumb"],"wppr_data":{"cwp_meta_box_check":"No","cwp_rev_product_name":"","cwp_rev_price":""},"_links":{"self":[{"href":"https:\/\/lanebank.com\/sv\/wp-json\/wp\/v2\/pages\/676","targetHints":{"allow":["GET"]}}],"collection":[{"href":"https:\/\/lanebank.com\/sv\/wp-json\/wp\/v2\/pages"}],"about":[{"href":"https:\/\/lanebank.com\/sv\/wp-json\/wp\/v2\/types\/page"}],"author":[{"embeddable":true,"href":"https:\/\/lanebank.com\/sv\/wp-json\/wp\/v2\/users\/1"}],"replies":[{"embeddable":true,"href":"https:\/\/lanebank.com\/sv\/wp-json\/wp\/v2\/comments?post=676"}],"version-history":[{"count":2,"href":"https:\/\/lanebank.com\/sv\/wp-json\/wp\/v2\/pages\/676\/revisions"}],"predecessor-version":[{"id":678,"href":"https:\/\/lanebank.com\/sv\/wp-json\/wp\/v2\/pages\/676\/revisions\/678"}],"wp:featuredmedia":[{"embeddable":true,"href":"https:\/\/lanebank.com\/sv\/wp-json\/wp\/v2\/media\/684"}],"wp:attachment":[{"href":"https:\/\/lanebank.com\/sv\/wp-json\/wp\/v2\/media?parent=676"}],"curies":[{"name":"wp","href":"https:\/\/api.w.org\/{rel}","templated":true}]}}