{"id":756,"date":"2015-05-11T09:14:48","date_gmt":"2015-05-11T07:14:48","guid":{"rendered":"https:\/\/lanebank.com\/sv\/?page_id=756"},"modified":"2015-05-11T09:16:16","modified_gmt":"2015-05-11T07:16:16","slug":"externa-resurser","status":"publish","type":"page","link":"https:\/\/lanebank.com\/sv\/externa-resurser","title":{"rendered":"Externa resurser"},"content":{"rendered":"<p><img loading=\"lazy\" decoding=\"async\" class=\" size-medium wp-image-757 alignright\" src=\"https:\/\/lanebank.com\/sv\/wp-content\/uploads\/2015\/05\/externakallor-300x200.jpg\" alt=\"L\u00e4nkar till externa k\u00e4llor\" width=\"300\" height=\"200\" srcset=\"https:\/\/lanebank.com\/sv\/wp-content\/uploads\/2015\/05\/externakallor.jpg 300w, https:\/\/lanebank.com\/sv\/wp-content\/uploads\/2015\/05\/externakallor-150x100.jpg 150w, https:\/\/lanebank.com\/sv\/wp-content\/uploads\/2015\/05\/externakallor-140x93.jpg 140w, https:\/\/lanebank.com\/sv\/wp-content\/uploads\/2015\/05\/externakallor-90x60.jpg 90w\" sizes=\"auto, (max-width: 300px) 100vw, 300px\" \/>H\u00e4r hittar du externa l\u00e4nkar till myndigheter, f\u00f6rvaltningar, organisationer och anv\u00e4ndbara webbplatser inom ekonomi, finans, l\u00e5n och sparande.<\/p>\n<p><strong><a href=\"http:\/\/www.fi.se\">Finansinspektionen (FI)<\/a><\/strong> &#8211; Statlig myndighet som \u00f6vervakar svensk finansmarknad. P\u00e5 FI:s hemsida hittar du samtliga f\u00f6retag och personer med tillst\u00e5nd att erbjuda finansiella tj\u00e4nster. Det finns \u00e4ven en varningslista med f\u00f6retag som du b\u00f6r undvika.<\/p>\n<p><a href=\"http:\/\/www.scb.se\/FM5001\"><strong>Riksbankens Finansmarknadsstatistik (FMR)<\/strong><\/a> &#8211; S\u00f6ker du statistik om hush\u00e5llens l\u00e5n, r\u00e4ntor samt skulder och tillg\u00e5ngar \u00e4r Riksbankens s\u00f6kbara databas med finansmarknadsstatistik mycket anv\u00e4ndbar. Sedan 2003 \u00e4r det Statistiska centralbyr\u00e5n (SCB) som sammanst\u00e4ller och sk\u00f6ter hanteringen av denna data.<\/p>\n<p><strong><a href=\"http:\/\/www.riksbank.se\">Sveriges Riksbank<\/a><\/strong> &#8211; har som fr\u00e4msta uppgift att ansvara f\u00f6r framst\u00e4llning och f\u00f6rvaltning av pengar. Det \u00e4r \u00e4ven Riksbanken som s\u00e4tter repor\u00e4ntan som \u00e4r den r\u00e4nta som banker kan l\u00e5na eller placera till.<\/p>\n<p><a href=\"http:\/\/www.konsumentverket.se\"><strong>Konsumentverket<\/strong><\/a> &#8211; \u00e4r en statlig myndighet som sorterar under Finansdepartementet. Konsumentverkets huvuduppgift \u00e4r att f\u00f6rsvara och tillgodo se dig som konsument.<\/p>\n","protected":false},"excerpt":{"rendered":"<p>H\u00e4r hittar du externa l\u00e4nkar till myndigheter, f\u00f6rvaltningar, organisationer och anv\u00e4ndbara webbplatser inom ekonomi, finans, l\u00e5n och sparande. Finansinspektionen (FI) &#8211; Statlig myndighet som \u00f6vervakar svensk finansmarknad. P\u00e5 FI:s hemsida [&hellip;]<\/p>\n","protected":false},"author":1,"featured_media":0,"parent":0,"menu_order":0,"comment_status":"closed","ping_status":"closed","template":"page-nosidebar.php","meta":{"footnotes":""},"class_list":["post-756","page","type-page","status-publish","hentry"],"wppr_data":{"cwp_meta_box_check":"No","cwp_rev_product_name":"","cwp_rev_price":""},"_links":{"self":[{"href":"https:\/\/lanebank.com\/sv\/wp-json\/wp\/v2\/pages\/756","targetHints":{"allow":["GET"]}}],"collection":[{"href":"https:\/\/lanebank.com\/sv\/wp-json\/wp\/v2\/pages"}],"about":[{"href":"https:\/\/lanebank.com\/sv\/wp-json\/wp\/v2\/types\/page"}],"author":[{"embeddable":true,"href":"https:\/\/lanebank.com\/sv\/wp-json\/wp\/v2\/users\/1"}],"replies":[{"embeddable":true,"href":"https:\/\/lanebank.com\/sv\/wp-json\/wp\/v2\/comments?post=756"}],"version-history":[{"count":1,"href":"https:\/\/lanebank.com\/sv\/wp-json\/wp\/v2\/pages\/756\/revisions"}],"predecessor-version":[{"id":758,"href":"https:\/\/lanebank.com\/sv\/wp-json\/wp\/v2\/pages\/756\/revisions\/758"}],"wp:attachment":[{"href":"https:\/\/lanebank.com\/sv\/wp-json\/wp\/v2\/media?parent=756"}],"curies":[{"name":"wp","href":"https:\/\/api.w.org\/{rel}","templated":true}]}}