{"id":790,"date":"2015-06-01T13:07:55","date_gmt":"2015-06-01T11:07:55","guid":{"rendered":"https:\/\/lanebank.com\/sv\/?page_id=790"},"modified":"2017-08-13T10:58:08","modified_gmt":"2017-08-13T08:58:08","slug":"ekonomiska-begrepp","status":"publish","type":"page","link":"https:\/\/lanebank.com\/sv\/ekonomiska-begrepp","title":{"rendered":"Ekonomiska begrepp"},"content":{"rendered":"<p>H\u00e4r hittar du f\u00f6rklaringar till en m\u00e4ngd vanligt f\u00f6rekommande termer, begrepp och ord.<\/p>\n<p><strong>Byggnadskredit<\/strong> ett uppl\u00e4gg som garanterar att kunden kan betala anlitad byggfirma.<\/p>\n<p><strong>Handpenning<\/strong> \u00e4r ett f\u00f6rutbest\u00e4mt belopp som ena parten i ett avtal \u00e4r villig att l\u00e4gga som<br \/>\ns\u00e4kerhet f\u00f6r ett avtal.<\/p>\n<p><strong>Kontantinsats<\/strong> avser den del av l\u00e5net som du m\u00e5ste kunna betala kontant vid k\u00f6p av exempelvis<br \/>\nhus eller bil.<\/p>\n<p><strong>Kreditl\u00e5n<\/strong> anv\u00e4nds som samlingsnamn f\u00f6r att beskriva olika former av privatl\u00e5n samt<br \/>\nkreditkort.<\/p>\n<p><strong>L\u00e5nel\u00f6fte<\/strong> \u00e4r en garanti som banken ger dig f\u00f6re st\u00f6rre k\u00f6p eller investering.<\/p>\n<p><strong>Mikrol\u00e5n<\/strong> anv\u00e4nds parallellt b\u00e5de f\u00f6r att beskriva sm\u00e5 bist\u00e5ndsl\u00e5n i u-l\u00e4nder och som<br \/>\nbeteckning f\u00f6r en typ av vardaglig konsumtionskredit.<\/p>\n<p><strong>Peer-to-peer lending<\/strong> inneb\u00e4r att du l\u00e5nar av andra privatpersoner. Du l\u00e4gger ut en<br \/>\nintresseanm\u00e4lan och sedan skickar olika intresserade l\u00e5ngivare dig f\u00f6rslag p\u00e5 r\u00e4nta och<br \/>\nvillkor. Normalt tar mellanhanden ut en avgift f\u00f6r f\u00f6rmedlandet av kontakt och avtal.<\/p>\n<p><strong>SEKKI<\/strong><a href=\"https:\/\/lanebank.com\/sv\/ekonomiska-begrepp\/sekki\">\u00b9<\/a> \u00e4r ett standardiserat EU-system som hj\u00e4lper kunder att j\u00e4mf\u00f6ra kreditavtal.<\/p>\n<p><strong>Snabbkredit<\/strong> anv\u00e4nds ibland f\u00f6r att beskriva <a href=\"https:\/\/lanebank.com\/sv\/info\/sms-laneforetag\">sm\u00e5 l\u00e5n fr\u00e5n finansieringsbolag<\/a>.<\/p>\n<p><strong>Valutal\u00e5n<\/strong> ger i f\u00f6rsta hand f\u00f6retagare men \u00e4ven privatpersoner m\u00f6jlighet att f\u00e5 tillg\u00e5ng<br \/>\ntill likvida medel i andra valutor \u00e4n svenska kronor. Skall man \u00f6ppna verksamhet i ett<br \/>\ngrannland och beh\u00f6ver 100 000 kr kan det vara praktiskt att ta <a href=\"http:\/\/lanebank.com\/no\/kostnad\/lane-100000-kroner\">l\u00e5n i NOK<\/a>, DDK eller euro<br \/>\nist\u00e4llet beroende p\u00e5 var din verksamhet skall etableras.<\/p>\n<h3>R\u00e4ntesatser<\/h3>\n<p>Vid <strong>annuitetsl\u00e5n<\/strong> betalar du ett l\u00f6pande fast belopp d\u00e4r b\u00e5de amortering och r\u00e4nta ing\u00e5r.<\/p>\n<p><strong>Amorteringsfri kredit<\/strong>\u00a0inneb\u00e4r att hela skulden betalas tillbaka vid l\u00f6ptidens slut.<\/p>\n<p><strong>Effektiv r\u00e4nta<\/strong> \u00e4r den faktiska r\u00e4ntan du betalar.<\/p>\n<p><strong>Rak amortering inneb\u00e4r att du l\u00f6pande amorterar samma belopp<\/strong> p\u00e5 ditt l\u00e5n<br \/>\nvilket g\u00f6r att den totala kostnaden f\u00f6r l\u00e5net minskar \u00f6ver tid, d\u00e5 det r\u00e4ntegrundande<br \/>\nbeloppet successivt blir mindre.<\/p>\n<p>&nbsp;<\/p>\n<p><strong>Skattefinansierat r\u00e4nteavdrag<\/strong> eller r\u00e4ntereduktion ing\u00e5r i r\u00e4tten att dra av<br \/>\nkapitalf\u00f6rluster fr\u00e5n skatten.<\/p>\n<h3>Sparande<\/h3>\n<p><strong>Indexfonder<\/strong> f\u00f6ljer en viss marknads eller varas marknadsv\u00e4rdering. En vanlig svensk\u00a0indexfond f\u00f6ljer Stockholmsb\u00f6rsen OMX.<\/p>\n<p><strong>Premieobligationer<\/strong> avser statligt initierade obligationer d\u00e4r r\u00e4ntan lottas ut bland<br \/>\ninnehavarna. Sparformen har normalt l\u00e5g avkastning men \u00e4r i geng\u00e4ld n\u00e4stan riskfri.<\/p>\n<p>Beteckningen <strong>r\u00e4ntefonder<\/strong> anv\u00e4nds f\u00f6r att beskriva fonder som enbart placerar i r\u00e4nteb\u00e4rande<br \/>\nv\u00e4rdepapper. Risken \u00e4r l\u00e4gre \u00e4n f\u00f6r aktiefonder men d\u00e4rmed \u00e4r avkastning ocks\u00e5 oftast<br \/>\nmindre.<\/p>\n<p>Den <strong>statliga ins\u00e4ttningsgaranti<\/strong> garanterar dig upp till 100 000 euro motsvarande ca 800 000<br \/>\nkr om den bankverksamhet som du har pengar hos skulle g\u00e5 omkull. Notera att inte <a href=\"https:\/\/lanebank.com\/sv\/info\/sparkonto\">alla <\/a><br \/>\n<a href=\"https:\/\/lanebank.com\/sv\/info\/sparkonto\">sparkonton<\/a> omfattas av ins\u00e4ttningsgarantin,det \u00e4r ditt eget ansvar att se till s\u00e5 att ditt<br \/>\nsparande g\u00f6r det.<\/p>\n<p><strong>V\u00e4rdepapper<\/strong> \u00e4r ett samlingsord f\u00f6r skriftliga avtal som bevisar \u00e4garskap och garanterar dig<br \/>\nlaglig r\u00e4tt till pengar eller andra v\u00e4rdef\u00f6rem\u00e5l. Ofta anv\u00e4nds\u00a0v\u00e4rdepapper som beteckning f\u00f6r <a href=\"https:\/\/lanebank.com\/sv\/info\/aktiemaklare\">aktier och fonder<\/a>.<\/p>\n<h3>Finansiella akt\u00f6rer och verksamheter<\/h3>\n<p><strong>Fackf\u00f6rbund<\/strong> \u00e4r sammanslutningar av arbetare som organiserat sig f\u00f6r att tillsammans kunna st\u00e5 upp mot arbetsgivare.<\/p>\n<p><strong><a href=\"https:\/\/lanebank.com\/sv\/info\/forsakringsbolag\">F\u00f6rs\u00e4kringsgivare<\/a><\/strong> \u00e4r\u00a0en juridisk term\u00a0f\u00f6r de bolag erbjuder\u00a0f\u00f6rs\u00e4kringar av olika slag.<\/p>\n<p><strong>Kreditinstitut\u00a0<\/strong>\u00e4r en juridisk term och samlingsnamn som omfattar s\u00e5v\u00e4l <a href=\"https:\/\/lanebank.com\/sv\/info\/svenskabanker\">marknadsledande bankbolag<\/a> och mindre kreditgivare.<\/p>\n<p><strong>Kreditupplysningsf\u00f6retag\u00a0<\/strong>anlitas f\u00f6r att kontrollera f\u00f6retagares och privatpersoners kreditv\u00e4rdighet.<\/p>\n<p><strong>L\u00e5nem\u00e4klare<\/strong> samarbetar med flera olika kreditbolag och g\u00f6r att du kan f\u00e5 flera anbud p\u00e5 samma\u00a0l\u00e5neans\u00f6kan. M\u00e5nga v\u00e4nder sig till <a href=\"https:\/\/lanebank.com\/sv\/130-l%C3%A5n-search.php\/myloan\">l\u00e5nem\u00e4klare vid privatl\u00e5n och bilk\u00f6p<\/a>.<\/p>\n<p><strong>Upplysningscentralen<\/strong> marknadsledande inom kreditpr\u00f6vning.<\/p>\n<p>Ytterligare\u00a0akt\u00f6rer och statliga organisationer finner du i\u00a0<a href=\"https:\/\/lanebank.com\/sv\/externa-resurser\">listan med\u00a0resurser<\/a>.<\/p>\n","protected":false},"excerpt":{"rendered":"<p>H\u00e4r hittar du f\u00f6rklaringar till en m\u00e4ngd vanligt f\u00f6rekommande termer, begrepp och ord. Byggnadskredit ett uppl\u00e4gg som garanterar att kunden kan betala anlitad byggfirma. Handpenning \u00e4r ett f\u00f6rutbest\u00e4mt belopp som [&hellip;]<\/p>\n","protected":false},"author":1,"featured_media":795,"parent":0,"menu_order":0,"comment_status":"closed","ping_status":"closed","template":"page-nosidebar.php","meta":{"footnotes":""},"class_list":["post-790","page","type-page","status-publish","has-post-thumbnail","hentry","has_thumb"],"wppr_data":{"cwp_meta_box_check":"No","cwp_rev_product_name":"","cwp_rev_price":""},"_links":{"self":[{"href":"https:\/\/lanebank.com\/sv\/wp-json\/wp\/v2\/pages\/790","targetHints":{"allow":["GET"]}}],"collection":[{"href":"https:\/\/lanebank.com\/sv\/wp-json\/wp\/v2\/pages"}],"about":[{"href":"https:\/\/lanebank.com\/sv\/wp-json\/wp\/v2\/types\/page"}],"author":[{"embeddable":true,"href":"https:\/\/lanebank.com\/sv\/wp-json\/wp\/v2\/users\/1"}],"replies":[{"embeddable":true,"href":"https:\/\/lanebank.com\/sv\/wp-json\/wp\/v2\/comments?post=790"}],"version-history":[{"count":4,"href":"https:\/\/lanebank.com\/sv\/wp-json\/wp\/v2\/pages\/790\/revisions"}],"predecessor-version":[{"id":1416,"href":"https:\/\/lanebank.com\/sv\/wp-json\/wp\/v2\/pages\/790\/revisions\/1416"}],"wp:featuredmedia":[{"embeddable":true,"href":"https:\/\/lanebank.com\/sv\/wp-json\/wp\/v2\/media\/795"}],"wp:attachment":[{"href":"https:\/\/lanebank.com\/sv\/wp-json\/wp\/v2\/media?parent=790"}],"curies":[{"name":"wp","href":"https:\/\/api.w.org\/{rel}","templated":true}]}}