{"id":798,"date":"2015-01-01T20:39:33","date_gmt":"2015-01-01T19:39:33","guid":{"rendered":"https:\/\/lanebank.com\/sv\/?page_id=798"},"modified":"2015-10-01T19:11:32","modified_gmt":"2015-10-01T17:11:32","slug":"nyheter","status":"publish","type":"page","link":"https:\/\/lanebank.com\/sv\/nyheter","title":{"rendered":"Nyheter om finansbolagen"},"content":{"rendered":"<p>Nedan\u00a0hittar du nyhetsnotiser om olika akt\u00f6rer som finns representerade p\u00e5 L\u00e5nebank. L\u00e4gg g\u00e4rna till sidan bland dina bokm\u00e4rken s\u00e5 att du inte missar n\u00e5gra viktiga uppdateringar eller f\u00f6rm\u00e5nliga erbjudanden.<\/p>\n","protected":false},"excerpt":{"rendered":"<p>Nedan\u00a0hittar du nyhetsnotiser om olika akt\u00f6rer som finns representerade p\u00e5 L\u00e5nebank. L\u00e4gg g\u00e4rna till sidan bland dina bokm\u00e4rken s\u00e5 att du inte missar n\u00e5gra viktiga uppdateringar eller f\u00f6rm\u00e5nliga erbjudanden.<\/p>\n","protected":false},"author":1,"featured_media":804,"parent":0,"menu_order":0,"comment_status":"closed","ping_status":"closed","template":"","meta":{"footnotes":""},"class_list":["post-798","page","type-page","status-publish","has-post-thumbnail","hentry","has_thumb"],"wppr_data":{"cwp_meta_box_check":"No","cwp_rev_product_name":"","cwp_rev_price":""},"_links":{"self":[{"href":"https:\/\/lanebank.com\/sv\/wp-json\/wp\/v2\/pages\/798","targetHints":{"allow":["GET"]}}],"collection":[{"href":"https:\/\/lanebank.com\/sv\/wp-json\/wp\/v2\/pages"}],"about":[{"href":"https:\/\/lanebank.com\/sv\/wp-json\/wp\/v2\/types\/page"}],"author":[{"embeddable":true,"href":"https:\/\/lanebank.com\/sv\/wp-json\/wp\/v2\/users\/1"}],"replies":[{"embeddable":true,"href":"https:\/\/lanebank.com\/sv\/wp-json\/wp\/v2\/comments?post=798"}],"version-history":[{"count":8,"href":"https:\/\/lanebank.com\/sv\/wp-json\/wp\/v2\/pages\/798\/revisions"}],"predecessor-version":[{"id":920,"href":"https:\/\/lanebank.com\/sv\/wp-json\/wp\/v2\/pages\/798\/revisions\/920"}],"wp:featuredmedia":[{"embeddable":true,"href":"https:\/\/lanebank.com\/sv\/wp-json\/wp\/v2\/media\/804"}],"wp:attachment":[{"href":"https:\/\/lanebank.com\/sv\/wp-json\/wp\/v2\/media?parent=798"}],"curies":[{"name":"wp","href":"https:\/\/api.w.org\/{rel}","templated":true}]}}