{"id":847,"date":"2015-06-22T12:44:02","date_gmt":"2015-06-22T10:44:02","guid":{"rendered":"https:\/\/lanebank.com\/sv\/?page_id=847"},"modified":"2015-06-22T12:45:58","modified_gmt":"2015-06-22T10:45:58","slug":"om-cookies","status":"publish","type":"page","link":"https:\/\/lanebank.com\/sv\/om-cookies","title":{"rendered":"Om Cookiehantering"},"content":{"rendered":"<p><em><strong>Din integritet \u00e4r viktig f\u00f6r oss. D\u00e4rf\u00f6r vidarebefordrar vi aldrig uppgifter om dig till utomst\u00e5ende. All data om dig lagras lokalt och allt du g\u00f6r p\u00e5 webbplatsen sker anonymt.<\/strong> <\/em><\/p>\n<p>Vanligen anv\u00e4ndas v\u00e5ra cookies \u00e4r att f\u00e5 information om v\u00e5ra bes\u00f6kare t.ex. fr\u00e5n vilken webbplats du kommer fr\u00e5n, hur du r\u00f6r dig p\u00e5 v\u00e5r sajt och hur l\u00e4nge du stannar p\u00e5 respektive sida. L\u00e5nebank anv\u00e4nder cookies enbart i syfte att f\u00f6rb\u00e4ttra din upplevelse. Ingen personlig information om dig sj\u00e4lv lagras via cookies.<\/p>\n<p>Enligt lagen om elektronisk kommunikation (LEK), 2003:389 ska alla som bes\u00f6ker en webbplats med cookies f\u00e5 tillg\u00e5ng till information om \u00e4ndam\u00e5let med anv\u00e4ndningen av cookies. H\u00e4rmed anser vi p\u00e5 L\u00e5nebank att vi uppfyllt detta krav.<\/p>\n","protected":false},"excerpt":{"rendered":"<p>Din integritet \u00e4r viktig f\u00f6r oss. D\u00e4rf\u00f6r vidarebefordrar vi aldrig uppgifter om dig till utomst\u00e5ende. All data om dig lagras lokalt och allt du g\u00f6r p\u00e5 webbplatsen sker anonymt. Vanligen [&hellip;]<\/p>\n","protected":false},"author":1,"featured_media":0,"parent":0,"menu_order":0,"comment_status":"closed","ping_status":"closed","template":"page-nosidebar.php","meta":{"footnotes":""},"class_list":["post-847","page","type-page","status-publish","hentry"],"wppr_data":{"cwp_meta_box_check":"No","cwp_rev_product_name":"","cwp_rev_price":""},"_links":{"self":[{"href":"https:\/\/lanebank.com\/sv\/wp-json\/wp\/v2\/pages\/847","targetHints":{"allow":["GET"]}}],"collection":[{"href":"https:\/\/lanebank.com\/sv\/wp-json\/wp\/v2\/pages"}],"about":[{"href":"https:\/\/lanebank.com\/sv\/wp-json\/wp\/v2\/types\/page"}],"author":[{"embeddable":true,"href":"https:\/\/lanebank.com\/sv\/wp-json\/wp\/v2\/users\/1"}],"replies":[{"embeddable":true,"href":"https:\/\/lanebank.com\/sv\/wp-json\/wp\/v2\/comments?post=847"}],"version-history":[{"count":1,"href":"https:\/\/lanebank.com\/sv\/wp-json\/wp\/v2\/pages\/847\/revisions"}],"predecessor-version":[{"id":848,"href":"https:\/\/lanebank.com\/sv\/wp-json\/wp\/v2\/pages\/847\/revisions\/848"}],"wp:attachment":[{"href":"https:\/\/lanebank.com\/sv\/wp-json\/wp\/v2\/media?parent=847"}],"curies":[{"name":"wp","href":"https:\/\/api.w.org\/{rel}","templated":true}]}}