{"id":849,"date":"2015-06-22T12:47:14","date_gmt":"2015-06-22T10:47:14","guid":{"rendered":"https:\/\/lanebank.com\/sv\/?page_id=849"},"modified":"2015-06-22T13:03:02","modified_gmt":"2015-06-22T11:03:02","slug":"ansvarsfriskrivning","status":"publish","type":"page","link":"https:\/\/lanebank.com\/sv\/ansvarsfriskrivning","title":{"rendered":"Ansvarsfriskrivning"},"content":{"rendered":"<p>L\u00e5nebank bedriver ingen egen penningutl\u00e5ning eller hantering av kapital och saknar \u00e4garintresse i de f\u00f6retag som listas p\u00e5 webbplatsen. Vi \u00e4r en frist\u00e5ende faktaportal och oberoende j\u00e4mf\u00f6relsetj\u00e4nst fr\u00e4mst f\u00f6r den som s\u00f6ker bankl\u00e5n, sparande och f\u00f6rs\u00e4kringar. Som ett komplement prisj\u00e4mf\u00f6r vi \u00e4ven mindre l\u00e5nef\u00f6retag som erbjuder sms l\u00e5n.<\/p>\n<p>V\u00e5r sj\u00e4lvklara m\u00e5ls\u00e4ttning \u00e4r att alltid erbjuda korrekt information och uppdaterad data om l\u00e5nevillkor. Tyv\u00e4rr kan vi inte garantera att s\u00e5 alltid \u00e4r fallet. F\u00f6r\u00e4ndringar kan ske pl\u00f6tsligt och vi kan inte garantera riktigheten i den information som ges.<\/p>\n<p>L\u00e5nebank och Spexer AB skall d\u00e4rf\u00f6r ej h\u00e5llas ansvariga f\u00f6r eventuella felaktigheter vad g\u00e4ller information p\u00e5 den h\u00e4r webbplatsen. All information p\u00e5 denna webbsida skall d\u00e4rf\u00f6r endast ses som v\u00e4gledande och inga garantier f\u00f6r dess riktighet l\u00e4mnas.<\/p>\n<p>Du som bes\u00f6kare har ett eget ansvar att alltid kontrollera att de villkor som anges p\u00e5 L\u00e5nebank \u00f6verensst\u00e4mmer med de villkor som banken sj\u00e4lv uppger p\u00e5 webbplatsen innan du tecknar avtal.<\/p>\n","protected":false},"excerpt":{"rendered":"<p>L\u00e5nebank bedriver ingen egen penningutl\u00e5ning eller hantering av kapital och saknar \u00e4garintresse i de f\u00f6retag som listas p\u00e5 webbplatsen. Vi \u00e4r en frist\u00e5ende faktaportal och oberoende j\u00e4mf\u00f6relsetj\u00e4nst fr\u00e4mst f\u00f6r den [&hellip;]<\/p>\n","protected":false},"author":1,"featured_media":0,"parent":0,"menu_order":0,"comment_status":"closed","ping_status":"closed","template":"page-nosidebar.php","meta":{"footnotes":""},"class_list":["post-849","page","type-page","status-publish","hentry"],"wppr_data":{"cwp_meta_box_check":"No","cwp_rev_product_name":"","cwp_rev_price":""},"_links":{"self":[{"href":"https:\/\/lanebank.com\/sv\/wp-json\/wp\/v2\/pages\/849","targetHints":{"allow":["GET"]}}],"collection":[{"href":"https:\/\/lanebank.com\/sv\/wp-json\/wp\/v2\/pages"}],"about":[{"href":"https:\/\/lanebank.com\/sv\/wp-json\/wp\/v2\/types\/page"}],"author":[{"embeddable":true,"href":"https:\/\/lanebank.com\/sv\/wp-json\/wp\/v2\/users\/1"}],"replies":[{"embeddable":true,"href":"https:\/\/lanebank.com\/sv\/wp-json\/wp\/v2\/comments?post=849"}],"version-history":[{"count":1,"href":"https:\/\/lanebank.com\/sv\/wp-json\/wp\/v2\/pages\/849\/revisions"}],"predecessor-version":[{"id":850,"href":"https:\/\/lanebank.com\/sv\/wp-json\/wp\/v2\/pages\/849\/revisions\/850"}],"wp:attachment":[{"href":"https:\/\/lanebank.com\/sv\/wp-json\/wp\/v2\/media?parent=849"}],"curies":[{"name":"wp","href":"https:\/\/api.w.org\/{rel}","templated":true}]}}