{"id":879,"date":"2015-08-17T13:16:13","date_gmt":"2015-08-17T11:16:13","guid":{"rendered":"https:\/\/lanebank.com\/sv\/?page_id=879"},"modified":"2015-08-17T13:37:20","modified_gmt":"2015-08-17T11:37:20","slug":"badrumsrenovering","status":"publish","type":"page","link":"https:\/\/lanebank.com\/sv\/sakra\/lana-pengar-for-att-bygga-nytt\/badrumsrenovering","title":{"rendered":"Badrumsrenovering"},"content":{"rendered":"<p style=\"font-size: 20px; font-style: italic;\">Genom noggrann och regelbunden st\u00e4dning kan man beh\u00e5lla ett fr\u00e4sch toalett. Men alla badrum som anv\u00e4nds mycket blir med tiden b\u00e5de slitna och smutsiga. Slutligen n\u00e5r standarden s\u00e5dana\u00a0niv\u00e5er att det enda som verkligen hj\u00e4lper \u00e4r en ordentlig badrumsrenovering.<\/p>\n<h2>L\u00e5n till badrum<\/h2>\n<div class=\"specialaren2\">\n<table>\n<thead>\n<tr>\n<th>L\u00e5nebolag<\/th>\n<th>Belopp<\/th>\n<th class=\"numeric\">R\u00e4nta<\/th>\n<th class=\"numeric\">Inkomstkrav<\/th>\n<th class=\"round\"><\/th>\n<p>\t\t\t\ufeff<\/p>\n<tr>\n<td>\n<div class=\"tablebildtext\">\n<p><a href=\"https:\/\/lanebank.com\/sv\/45-l%C3%A5n-search.php\/compricer\" alt=\"Compricer\"><img loading=\"lazy\" decoding=\"async\" width=\"90\" height=\"90\" src=\"https:\/\/lanebank.com\/sv\/wp-content\/uploads\/2014\/09\/compricer-90x90.jpg\" class=\"attachment-table wp-post-image\" alt=\"compricer\" \/>Compricer<\/a><\/p>\n<\/div>\n<\/td>\n<td><FONT COLOR=\"#555555\">5000-350000 kr<\/font><\/td>\n<td class=\"numeric\"><FONT COLOR=\"#555555\">3.85 %<\/font><\/td>\n<td class=\"numeric\"><FONT COLOR=\"#555555\">100 000 kr<\/font><\/td>\n<td>\n<div class=\"specialaren80\">\n<a href=\"https:\/\/lanebank.com\/sv\/till\/compricer\" class=\"classname\" rel=\"nofollow\" target=\"_blank\">Ans\u00f6k<\/a>\n<\/div>\n<\/td>\n<\/tr>\n<p><!--Start TableEnd--><\/p>\n<\/tbody>\n<\/table>\n<\/div>\n<p>&nbsp;<\/p>\n<p>Att renovera badrum \u00e4r allt annat \u00e4n gratis. Man brukar r\u00e4kna med att det kostar omkring 20<br \/>\n000 och 30 000 per kvadratmeter f\u00f6r material och arbetskostnad. F\u00f6r de flesta inneb\u00e4r det en<br \/>\ntotalkostnad p\u00e5 omkring <a href=\"https:\/\/lanebank.com\/sv\/belopp\/lana-150000-kr\">150 000<\/a>&#8211;<a href=\"https:\/\/lanebank.com\/sv\/belopp\/500000-kr\">500 000 kr<\/a> beroende p\u00e5 ursprungsskick och storleken p\u00e5<br \/>\nbadrummet.<\/p>\n<p>F\u00f6r de flesta av oss r\u00f6r det sig om allt f\u00f6r stora belopp f\u00f6r hush\u00e5llsekonomin att b\u00e4ra. Om<br \/>\nannat kapital inte finns att skjuta till \u00e5terst\u00e5r normalt endast att l\u00e5na pengar till<br \/>\nrenoveringen. Eftersom en badrumsrenovering inte i sig sj\u00e4lv kan tillgodor\u00e4knas som<br \/>\ns\u00e4kerhet, har rena renoveringsl\u00e5n (<a href=\"https:\/\/lanebank.com\/sv\/info\/renoveringslan\">lanebank.com\/sv\/info\/renoveringsl\u00e5n<\/a>) en h\u00f6gre utl\u00e5ningsr\u00e4nta \u00e4n bostadsl\u00e5net.<\/p>\n<blockquote><p><strong>Dock kan en renovering h\u00f6ja taxeringsv\u00e4rdet p\u00e5 din bostad vilket i sin tur kan p\u00e5verka<\/strong><br \/>\n<strong> f\u00f6rh\u00e5llandet mellan topp- och bottenl\u00e5n. Om du redan har ett bostadsl\u00e5n med toppl\u00e5n, beh\u00f6ver\u00a0<\/strong><strong>ytterligare ett l\u00e5n inte n\u00f6dv\u00e4ndighet inneb\u00e4r kraftigt \u00f6kade r\u00e4ntekostnader.<\/strong><\/p><\/blockquote>\n<h2>Ut\u00f6ka bol\u00e5n f\u00f6r badrumsrenovering<\/h2>\n<p>En annan m\u00f6jlighet kan vara att ut\u00f6ka ditt redan befintliga bol\u00e5n. I vissa fall beh\u00f6vs d\u00e5<br \/>\nnya pantbrev tas ut p\u00e5 din bostad. Att ut\u00f6ka bol\u00e5net \u00e4r betyligt billigare \u00e4n att teckna ett<br \/>\nprivatl\u00e5n. Tyv\u00e4rr \u00e4r det inte alltid banken beviljar ett s\u00e5dant f\u00f6rfarande.<\/p>\n<p>Taxeringsv\u00e4rdet \u00e4r av stor betydelse f\u00f6r huruvida detta \u00e4r m\u00f6jligt liksom din \u00f6vriga<br \/>\nprivatekonomiska situation.<\/p>\n<h5>Badrumsinredning och andra extrakostnader<\/h5>\n<p>De senaste \u00e5ren har det blivit allt vanligare med specialinredningar av olika slag. Detta<br \/>\ng\u00e4ller \u00e4ven f\u00f6r badrum och toaletter. N\u00e5gra produktkategorier som \u00f6kat \u00e4r t.ex. spabadkar och bede.<\/p>\n","protected":false},"excerpt":{"rendered":"<p>Genom noggrann och regelbunden st\u00e4dning kan man beh\u00e5lla ett fr\u00e4sch toalett. Men alla badrum som anv\u00e4nds mycket blir med tiden b\u00e5de slitna och smutsiga. Slutligen n\u00e5r standarden s\u00e5dana\u00a0niv\u00e5er att det [&hellip;]<\/p>\n","protected":false},"author":1,"featured_media":0,"parent":252,"menu_order":0,"comment_status":"closed","ping_status":"closed","template":"","meta":{"footnotes":""},"class_list":["post-879","page","type-page","status-publish","hentry"],"wppr_data":{"cwp_meta_box_check":"No","cwp_rev_product_name":"","cwp_rev_price":""},"_links":{"self":[{"href":"https:\/\/lanebank.com\/sv\/wp-json\/wp\/v2\/pages\/879","targetHints":{"allow":["GET"]}}],"collection":[{"href":"https:\/\/lanebank.com\/sv\/wp-json\/wp\/v2\/pages"}],"about":[{"href":"https:\/\/lanebank.com\/sv\/wp-json\/wp\/v2\/types\/page"}],"author":[{"embeddable":true,"href":"https:\/\/lanebank.com\/sv\/wp-json\/wp\/v2\/users\/1"}],"replies":[{"embeddable":true,"href":"https:\/\/lanebank.com\/sv\/wp-json\/wp\/v2\/comments?post=879"}],"version-history":[{"count":4,"href":"https:\/\/lanebank.com\/sv\/wp-json\/wp\/v2\/pages\/879\/revisions"}],"predecessor-version":[{"id":883,"href":"https:\/\/lanebank.com\/sv\/wp-json\/wp\/v2\/pages\/879\/revisions\/883"}],"up":[{"embeddable":true,"href":"https:\/\/lanebank.com\/sv\/wp-json\/wp\/v2\/pages\/252"}],"wp:attachment":[{"href":"https:\/\/lanebank.com\/sv\/wp-json\/wp\/v2\/media?parent=879"}],"curies":[{"name":"wp","href":"https:\/\/api.w.org\/{rel}","templated":true}]}}