{"id":884,"date":"2015-08-17T13:29:02","date_gmt":"2015-08-17T11:29:02","guid":{"rendered":"https:\/\/lanebank.com\/sv\/?page_id=884"},"modified":"2015-08-17T13:37:25","modified_gmt":"2015-08-17T11:37:25","slug":"renovera-nytt-kok-finansieringstips","status":"publish","type":"page","link":"https:\/\/lanebank.com\/sv\/sakra\/lana-pengar-for-att-bygga-nytt\/renovera-nytt-kok-finansieringstips","title":{"rendered":"Renovera nytt k\u00f6k &#038; finansieringstips"},"content":{"rendered":"<p style=\"font-size: 20px; font-style: italic;\">K\u00f6ket \u00e4r f\u00f6rmodligen det rum i hus och l\u00e4genheter som slits absolut mest och d\u00e4r slitaget och smutsen blir verkligt m\u00e4rkbar. Det kan d\u00e4rf\u00f6r vara v\u00e4l v\u00e4rt m\u00f6dan och pengarna att investera i ett nytt k\u00f6ksutrymme.<\/p>\n<p>Det finns \u00e4ven en rad andra f\u00f6rdelar med att satsa lite extra p\u00e5 k\u00f6ket. Moderna vitvaror drar m\u00e5nga g\u00e5nger avsev\u00e4rt mycket mindre energi j\u00e4mf\u00f6rt med f\u00f6reg\u00e5ngarna. Dessutom blir det b\u00e5de roligare och l\u00e4ttare att laga v\u00e4l sammansatta m\u00e5ltider vilka bidrar till <a href=\"https:\/\/sv.wikipedia.org\/wiki\/Livskvalitet\">\u00f6kad livskvalitet<\/a> och b\u00e4ttre h\u00e4lsa.<\/p>\n<h3>Vad kostar ett nytt k\u00f6k?<\/h3>\n<p>F\u00f6r ett normalk\u00f6k \u00e4r en uppskattad kostnad f\u00f6r b\u00e5de material och arbete omkring 150 000 &#8211; 300 000 kr. Att ge en exakt prisuppgift f\u00f6r ett nytt k\u00f6k \u00e4r av flera sk\u00e4l sv\u00e5rt. Totalkostnaden beror p\u00e5 ett flertal olika faktorer d\u00e4r kundens val i varierande grad p\u00e5verkar priset, storleken p\u00e5 k\u00f6ksutrymmet spelar in samt hur eftersatt utrymmet \u00e4r n\u00e4r renoveringsarbetet p\u00e5b\u00f6rjas.<\/p>\n<h5>L\u00e5na pengar till k\u00f6ksrenovering<\/h5>\n<p>Det \u00e4r relativt vanligt att l\u00e5n tas upp f\u00f6r att renovera k\u00f6k. Om m\u00f6jligheten finns att ut\u00f6ka ett befintligt l\u00e5n \u00e4r detta alltid ett b\u00e4ttre alternativ \u00e4n att teckna nya l\u00e5n. Bostadsl\u00e5n d\u00e4r fastigheten st\u00e5r som s\u00e4kerhet erbjuder betydligt f\u00f6rm\u00e5nligare villkor \u00e4n renoveringsl\u00e5n utan s\u00e4kerhet.<\/p>\n<p>Andra m\u00f6jligheter som \u00e4ven b\u00f6r \u00f6verv\u00e4gas \u00e4r att l\u00e5na fr\u00e5n en sl\u00e4ktig eller eventuellt \u00e4ven se \u00f6ver om det g\u00e5r att f\u00e5 ut kommande arv i f\u00f6rtid.<\/p>\n<p>L\u00e5n utan s\u00e4kerhet till renovering:<\/p>\n<ul>\n<li>Lendo\u00a0<a href=\"https:\/\/lanebank.com\/sv\/till\/lendo\" rel=\"nofollow\">Ans\u00f6kan<\/a>\u00a0\/\u00a0<a href=\"https:\/\/lanebank.com\/sv\/8-l\u00e5n-search.php\/lendo\">Omd\u00f6me<\/a><\/li>\n<li>Compricer\u00a0<a href=\"https:\/\/lanebank.com\/sv\/till\/compricer\" rel=\"nofollow\">Ans\u00f6kan<\/a>\u00a0\/\u00a0<a href=\"https:\/\/lanebank.com\/sv\/45-l%C3%A5n-search.php\/compricer\">Omd\u00f6me<\/a><\/li>\n<li>Swedbank Renoveringsl\u00e5n\u00a0<a href=\"https:\/\/lanebank.com\/sv\/till\/swedbank\" rel=\"nofollow\">Ans\u00f6kan<\/a>\u00a0\/ <a href=\"https:\/\/lanebank.com\/sv\/23-l%C3%A5n-search.php\/swedbank\">Omd\u00f6me<\/a><\/li>\n<li>SEB Renoveringsl\u00e5n\u00a0<a href=\"https:\/\/lanebank.com\/sv\/till\/seb\" rel=\"nofollow\">Ans\u00f6kan<\/a>\u00a0\/ <a href=\"https:\/\/lanebank.com\/sv\/20-l%C3%A5n-search.php\/seb\">Omd\u00f6me<\/a><\/li>\n<li>Handelsbanken\u00a0<a href=\"https:\/\/lanebank.com\/sv\/till\/handelsbanken\" rel=\"nofollow\">Ans\u00f6kan<\/a>\u00a0\/\u00a0<a href=\"https:\/\/lanebank.com\/sv\/26-l%C3%A5n-search.php\/handelsbanken\">Omd\u00f6me<\/a><\/li>\n<li>Nordea\u00a0<a href=\"https:\/\/lanebank.com\/sv\/till\/nordea\" rel=\"nofollow\">Ans\u00f6kan<\/a>\u00a0\/ <a href=\"https:\/\/lanebank.com\/sv\/158-l%C3%A5n-search.php\/nordea\">Omd\u00f6me<\/a><\/li>\n<\/ul>\n","protected":false},"excerpt":{"rendered":"<p>K\u00f6ket \u00e4r f\u00f6rmodligen det rum i hus och l\u00e4genheter som slits absolut mest och d\u00e4r slitaget och smutsen blir verkligt m\u00e4rkbar. Det kan d\u00e4rf\u00f6r vara v\u00e4l v\u00e4rt m\u00f6dan och pengarna [&hellip;]<\/p>\n","protected":false},"author":1,"featured_media":0,"parent":252,"menu_order":0,"comment_status":"closed","ping_status":"closed","template":"","meta":{"footnotes":""},"class_list":["post-884","page","type-page","status-publish","hentry"],"wppr_data":{"cwp_meta_box_check":"No","cwp_rev_product_name":"","cwp_rev_price":""},"_links":{"self":[{"href":"https:\/\/lanebank.com\/sv\/wp-json\/wp\/v2\/pages\/884","targetHints":{"allow":["GET"]}}],"collection":[{"href":"https:\/\/lanebank.com\/sv\/wp-json\/wp\/v2\/pages"}],"about":[{"href":"https:\/\/lanebank.com\/sv\/wp-json\/wp\/v2\/types\/page"}],"author":[{"embeddable":true,"href":"https:\/\/lanebank.com\/sv\/wp-json\/wp\/v2\/users\/1"}],"replies":[{"embeddable":true,"href":"https:\/\/lanebank.com\/sv\/wp-json\/wp\/v2\/comments?post=884"}],"version-history":[{"count":1,"href":"https:\/\/lanebank.com\/sv\/wp-json\/wp\/v2\/pages\/884\/revisions"}],"predecessor-version":[{"id":885,"href":"https:\/\/lanebank.com\/sv\/wp-json\/wp\/v2\/pages\/884\/revisions\/885"}],"up":[{"embeddable":true,"href":"https:\/\/lanebank.com\/sv\/wp-json\/wp\/v2\/pages\/252"}],"wp:attachment":[{"href":"https:\/\/lanebank.com\/sv\/wp-json\/wp\/v2\/media?parent=884"}],"curies":[{"name":"wp","href":"https:\/\/api.w.org\/{rel}","templated":true}]}}