{"id":889,"date":"2015-08-24T11:36:47","date_gmt":"2015-08-24T09:36:47","guid":{"rendered":"https:\/\/lanebank.com\/sv\/?page_id=889"},"modified":"2018-06-26T16:49:14","modified_gmt":"2018-06-26T14:49:14","slug":"inkassobolag","status":"publish","type":"page","link":"https:\/\/lanebank.com\/sv\/skuldsattning\/lana-trots-inkasso-fa-pengar-med-skulder-hos-kronofogden\/inkassobolag","title":{"rendered":"Inkassobolag"},"content":{"rendered":"<p>N\u00e4r ett avtal uppr\u00e4ttas f\u00f6rbinder sig ofta ena parten att betala en viss summa pengar inom en best\u00e4md tidsperiod. Om avtalet inte efterlevs trots p\u00e5minnelser skickas normalt fodringen vidare till ett inkassobolag f\u00f6r skuldindrivning.<\/p>\n<p>F\u00f6r att driva in obetalda skulder och pengar s\u00e5 kallade f\u00f6rfallna fodringar, kr\u00e4vs i regel ett tillst\u00e5nd hos Datainspektionen. Ett undantag g\u00e4ller f\u00f6r koncerner som sk\u00f6ter sin egen skuldindrivning.<\/p>\n<p>Den som l\u00e5nar pengar och sedan misslyckas med att betala tillbaka l\u00e5net i enlighet med undertecknat avtal. Blir efter en tid kontaktade av det inkassobolag, som l\u00e5ngivaren valt att anlita.<\/p>\n<p>De som f\u00e5tt inkassokrav skall normalt ha betalt detta inom 8 dagar. Men i vissa fall kan en alternativ avbetalningsplan uppr\u00e4ttas f\u00f6r att betala en inkassoskuld. Om en amorteringsplan skapas tillkommer en lagstadgad uppl\u00e4ggningsavgift om 170 kr och \u00e4ven aviseringsavgifter kan tillkomma.<\/p>\n<h3>F\u00f6retag med inkassotillst\u00e5nd<\/h3>\n<p>F\u00f6r att ha r\u00e4tt att driva in skulder kr\u00e4vs normalt ett giltigt inkassotillst\u00e5nd, det finns emellertid ett par undantag d\u00e4r ett tillst\u00e5nd ej kr\u00e4vs.<\/p>\n<p style=\"font-size: 10px;\"><em><strong>Huvudregel:<\/strong>\u00a0Den som driver in fordringar f\u00f6r annans r\u00e4kning, eller fordringar som har \u00f6vertagits f\u00f6r indrivning, m\u00e5ste normalt ha Datainspektionens tillst\u00e5nd.<\/em><\/p>\n<p style=\"font-size: 10px;\"><em>Undantag fr\u00e5n tillst\u00e5ndsplikten:<\/em><br \/>\n<em><br \/>\n&#8211; Indrivning av egna fodringar (egeninkasso)<\/em><br \/>\n<em>&#8211; Indrivning av fordringar som har uppst\u00e5tt inom samma koncern<br \/>\n<\/em><em>&#8211; Indrivning av fodringar av advokater eller anst\u00e4llda p\u00e5<br \/>\n<\/em><em>&#8211; Indrivning av fodringar av f\u00f6retag som st\u00e5r under Finansinspektionens tillsyn (fr\u00e4mst banker, kreditmarknadsbolag och f\u00f6rs\u00e4kringsbolag)<\/em><\/p>\n<p style=\"font-size: 10px;\"><em>K\u00e4lla:\u00a0https:\/\/www.datainspektionen.se\/lagar&#8211;regler\/inkassolagen\/inkassotillstand\/<\/em><\/p>\n<p>P\u00e5 <a href=\"https:\/\/www.datainspektionen.se\/lagar--regler\/inkassolagen\/inkassotillstand\/\">Datainspektionens hemsida<\/a> \u00e5terfinns en lista med samtliga Sveriges inkassof\u00f6retag som finns registrerade. H\u00e4r hittar du \u00e4ven aktuella organisationsnummer, bolagsnamn och uppgifter om hur l\u00e4nge respektive inkassobolag \u00e4r auktoriserade att driva in skulder.<\/p>\n","protected":false},"excerpt":{"rendered":"<p>N\u00e4r ett avtal uppr\u00e4ttas f\u00f6rbinder sig ofta ena parten att betala en viss summa pengar inom en best\u00e4md tidsperiod. Om avtalet inte efterlevs trots p\u00e5minnelser skickas normalt fodringen vidare till [&hellip;]<\/p>\n","protected":false},"author":1,"featured_media":0,"parent":556,"menu_order":0,"comment_status":"open","ping_status":"open","template":"page-nosidebar.php","meta":{"footnotes":""},"class_list":["post-889","page","type-page","status-publish","hentry"],"wppr_data":{"cwp_meta_box_check":"No","cwp_rev_product_name":"","cwp_rev_price":""},"_links":{"self":[{"href":"https:\/\/lanebank.com\/sv\/wp-json\/wp\/v2\/pages\/889","targetHints":{"allow":["GET"]}}],"collection":[{"href":"https:\/\/lanebank.com\/sv\/wp-json\/wp\/v2\/pages"}],"about":[{"href":"https:\/\/lanebank.com\/sv\/wp-json\/wp\/v2\/types\/page"}],"author":[{"embeddable":true,"href":"https:\/\/lanebank.com\/sv\/wp-json\/wp\/v2\/users\/1"}],"replies":[{"embeddable":true,"href":"https:\/\/lanebank.com\/sv\/wp-json\/wp\/v2\/comments?post=889"}],"version-history":[{"count":16,"href":"https:\/\/lanebank.com\/sv\/wp-json\/wp\/v2\/pages\/889\/revisions"}],"predecessor-version":[{"id":1539,"href":"https:\/\/lanebank.com\/sv\/wp-json\/wp\/v2\/pages\/889\/revisions\/1539"}],"up":[{"embeddable":true,"href":"https:\/\/lanebank.com\/sv\/wp-json\/wp\/v2\/pages\/556"}],"wp:attachment":[{"href":"https:\/\/lanebank.com\/sv\/wp-json\/wp\/v2\/media?parent=889"}],"curies":[{"name":"wp","href":"https:\/\/api.w.org\/{rel}","templated":true}]}}